{"id":1169,"date":"2020-08-20T14:23:36","date_gmt":"2020-08-20T14:23:36","guid":{"rendered":"http:\/\/ninzio.com\/byron\/?page_id=1169"},"modified":"2023-10-04T08:42:47","modified_gmt":"2023-10-04T06:42:47","slug":"kontakt","status":"publish","type":"page","link":"http:\/\/uslugi-asenizacyjne.pl\/index.php\/kontakt\/","title":{"rendered":"Kontakt"},"content":{"rendered":"\t\t<div data-elementor-type=\"wp-page\" data-elementor-id=\"1169\" class=\"elementor elementor-1169\">\n\t\t\t\t\t\t\t\t\t<section class=\"elementor-section elementor-top-section elementor-element elementor-element-9cfabf9 elementor-section-boxed elementor-section-height-default elementor-section-height-default\" data-id=\"9cfabf9\" data-element_type=\"section\">\n\t\t\t\t\t\t<div class=\"elementor-container elementor-column-gap-default\">\n\t\t\t\t\t<div class=\"elementor-column elementor-col-100 elementor-top-column elementor-element elementor-element-1c382e7\" data-id=\"1c382e7\" data-element_type=\"column\">\n\t\t\t<div class=\"elementor-widget-wrap elementor-element-populated\">\n\t\t\t\t\t\t\t\t<div class=\"elementor-element elementor-element-e3b2a2c elementor-widget elementor-widget-spacer\" data-id=\"e3b2a2c\" data-element_type=\"widget\" data-widget_type=\"spacer.default\">\n\t\t\t\t<div class=\"elementor-widget-container\">\n\t\t\t<style>\/*! elementor - v3.16.0 - 20-09-2023 *\/\n.elementor-column .elementor-spacer-inner{height:var(--spacer-size)}.e-con{--container-widget-width:100%}.e-con-inner>.elementor-widget-spacer,.e-con>.elementor-widget-spacer{width:var(--container-widget-width,var(--spacer-size));--align-self:var(--container-widget-align-self,initial);--flex-shrink:0}.e-con-inner>.elementor-widget-spacer>.elementor-widget-container,.e-con>.elementor-widget-spacer>.elementor-widget-container{height:100%;width:100%}.e-con-inner>.elementor-widget-spacer>.elementor-widget-container>.elementor-spacer,.e-con>.elementor-widget-spacer>.elementor-widget-container>.elementor-spacer{height:100%}.e-con-inner>.elementor-widget-spacer>.elementor-widget-container>.elementor-spacer>.elementor-spacer-inner,.e-con>.elementor-widget-spacer>.elementor-widget-container>.elementor-spacer>.elementor-spacer-inner{height:var(--container-widget-height,var(--spacer-size))}.e-con-inner>.elementor-widget-spacer.elementor-widget-empty,.e-con>.elementor-widget-spacer.elementor-widget-empty{position:relative;min-height:22px;min-width:22px}.e-con-inner>.elementor-widget-spacer.elementor-widget-empty .elementor-widget-empty-icon,.e-con>.elementor-widget-spacer.elementor-widget-empty .elementor-widget-empty-icon{position:absolute;top:0;bottom:0;left:0;right:0;margin:auto;padding:0;width:22px;height:22px}<\/style>\t\t<div class=\"elementor-spacer\">\n\t\t\t<div class=\"elementor-spacer-inner\"><\/div>\n\t\t<\/div>\n\t\t\t\t<\/div>\n\t\t\t\t<\/div>\n\t\t\t\t\t<\/div>\n\t\t<\/div>\n\t\t\t\t\t\t\t<\/div>\n\t\t<\/section>\n\t\t\t\t<section class=\"elementor-section elementor-top-section elementor-element elementor-element-1d6d3f3 elementor-section-boxed elementor-section-height-default elementor-section-height-default\" data-id=\"1d6d3f3\" data-element_type=\"section\">\n\t\t\t\t\t\t<div class=\"elementor-container elementor-column-gap-no\">\n\t\t\t\t\t<div class=\"elementor-column elementor-col-33 elementor-top-column elementor-element elementor-element-707ed01\" data-id=\"707ed01\" data-element_type=\"column\">\n\t\t\t<div class=\"elementor-widget-wrap elementor-element-populated\">\n\t\t\t\t\t\t\t\t<div class=\"elementor-element elementor-element-2f4b628 hover-effect-none elementor-widget elementor-widget-mae-service-box\" data-id=\"2f4b628\" data-element_type=\"widget\" data-widget_type=\"mae-service-box.default\">\n\t\t\t\t<div class=\"elementor-widget-container\">\n\t\t\t        <div class=\"master-service mlr-1813746839 item-carousel  \">\n            \n            <div class=\"content-wrap\">\n                <h3 class=\"headline-2\"><i class=\"fa fa-phone font-size-20\" style=\"margin-right:10px;transform: translateY(-2px);\"><\/i> ZADZWO\u0143<\/h3><div class=\"desc\"><p><a href=\"tel:+48601726663\">+48 601 726 663<\/a><br \/><a href=\"tel:+48725400998\">+48 725 400 998<\/a><\/p><\/div>            <div class=\"url-wrap\">\n                <a class=\"master-link  icon-right\" href=\"\" >\n                                        <span>Kontakt<\/span>\n                    <span class=\"icon fa fa-arrow-right\"><\/span>                <\/a>\n            <\/div>\n\n                        <\/div>\n        <\/div>\n\n        \t\t<\/div>\n\t\t\t\t<\/div>\n\t\t\t\t\t<\/div>\n\t\t<\/div>\n\t\t\t\t<div class=\"elementor-column elementor-col-33 elementor-top-column elementor-element elementor-element-ce2c9f2\" data-id=\"ce2c9f2\" data-element_type=\"column\">\n\t\t\t<div class=\"elementor-widget-wrap elementor-element-populated\">\n\t\t\t\t\t\t\t\t<div class=\"elementor-element elementor-element-d5dd6e6 hover-effect-none elementor-widget elementor-widget-mae-service-box\" data-id=\"d5dd6e6\" data-element_type=\"widget\" data-widget_type=\"mae-service-box.default\">\n\t\t\t\t<div class=\"elementor-widget-container\">\n\t\t\t        <div class=\"master-service mlr-1234345600 item-carousel  \">\n            \n            <div class=\"content-wrap\">\n                <h3 class=\"headline-2\">GODZINY PRACY<\/h3><div class=\"desc\"><p>Poniedzia\u0142ek -Sobota <br \/>7.00-19.00<\/p><\/div>            <div class=\"url-wrap\">\n                <a class=\"master-link  icon-right\" href=\"\" >\n                                        <span>Pracujemy<\/span>\n                    <span class=\"icon fa fa-arrow-right\"><\/span>                <\/a>\n            <\/div>\n\n                        <\/div>\n        <\/div>\n\n        \t\t<\/div>\n\t\t\t\t<\/div>\n\t\t\t\t\t<\/div>\n\t\t<\/div>\n\t\t\t\t<div class=\"elementor-column elementor-col-33 elementor-top-column elementor-element elementor-element-d74c519\" data-id=\"d74c519\" data-element_type=\"column\">\n\t\t\t<div class=\"elementor-widget-wrap elementor-element-populated\">\n\t\t\t\t\t\t\t\t<div class=\"elementor-element elementor-element-ddf959b hover-effect-none elementor-widget elementor-widget-mae-service-box\" data-id=\"ddf959b\" data-element_type=\"widget\" data-widget_type=\"mae-service-box.default\">\n\t\t\t\t<div class=\"elementor-widget-container\">\n\t\t\t        <div class=\"master-service mlr-1179258862 item-carousel  \">\n            \n            <div class=\"content-wrap\">\n                <h3 class=\"headline-2\"><i class=\"fa fa-map-marker-alt font-size-20\" style=\"margin-right:10px;transform: translateY(-2px);\"><\/i> ADRES<\/h3><div class=\"desc\"><p>ul. G\u0142\u00f3wna 2A<br \/>55-093 Brzezia \u0141\u0105ka<\/p><\/div>            <div class=\"url-wrap\">\n                <a class=\"master-link  icon-right\" href=\"\" >\n                                        <span>Lokalizacja<\/span>\n                    <span class=\"icon fa fa-arrow-right\"><\/span>                <\/a>\n            <\/div>\n\n                        <\/div>\n        <\/div>\n\n        \t\t<\/div>\n\t\t\t\t<\/div>\n\t\t\t\t\t<\/div>\n\t\t<\/div>\n\t\t\t\t\t\t\t<\/div>\n\t\t<\/section>\n\t\t\t\t<section class=\"elementor-section elementor-top-section elementor-element elementor-element-3012c35 elementor-section-stretched elementor-section-full_width elementor-section-height-default elementor-section-height-default\" data-id=\"3012c35\" data-element_type=\"section\" data-settings=\"{&quot;stretch_section&quot;:&quot;section-stretched&quot;,&quot;background_background&quot;:&quot;classic&quot;}\">\n\t\t\t\t\t\t<div class=\"elementor-container elementor-column-gap-default\">\n\t\t\t\t\t<div class=\"elementor-column elementor-col-100 elementor-top-column elementor-element elementor-element-8ea6e29\" data-id=\"8ea6e29\" data-element_type=\"column\">\n\t\t\t<div class=\"elementor-widget-wrap elementor-element-populated\">\n\t\t\t\t\t\t\t\t<div class=\"elementor-element elementor-element-ed0c36a elementor-widget elementor-widget-spacer\" data-id=\"ed0c36a\" data-element_type=\"widget\" data-widget_type=\"spacer.default\">\n\t\t\t\t<div class=\"elementor-widget-container\">\n\t\t\t\t\t<div class=\"elementor-spacer\">\n\t\t\t<div class=\"elementor-spacer-inner\"><\/div>\n\t\t<\/div>\n\t\t\t\t<\/div>\n\t\t\t\t<\/div>\n\t\t\t\t<div class=\"elementor-element elementor-element-347b40a align-center elementor-widget elementor-widget-mae-headings\" data-id=\"347b40a\" data-element_type=\"widget\" data-widget_type=\"mae-headings.default\">\n\t\t\t\t<div class=\"elementor-widget-container\">\n\t\t\t\t\t<div class=\"master-heading\">\n\t        \n\t        \t        <h2 class=\"main-heading\">Mapa Dojazdowa<\/h2>\n\t        \n\t        \n\t        \t    <\/div>\n\t    \t\t<\/div>\n\t\t\t\t<\/div>\n\t\t\t\t<div class=\"elementor-element elementor-element-30a49d0 elementor-widget elementor-widget-google_maps\" data-id=\"30a49d0\" data-element_type=\"widget\" data-widget_type=\"google_maps.default\">\n\t\t\t\t<div class=\"elementor-widget-container\">\n\t\t\t<style>\/*! elementor - v3.16.0 - 20-09-2023 *\/\n.elementor-widget-google_maps .elementor-widget-container{overflow:hidden}.elementor-widget-google_maps .elementor-custom-embed{line-height:0}.elementor-widget-google_maps iframe{height:300px}<\/style>\t\t<div class=\"elementor-custom-embed\">\n\t\t\t<iframe loading=\"lazy\"\n\t\t\t\t\tsrc=\"https:\/\/maps.google.com\/maps?q=dar-len%20anna%20panek&#038;t=m&#038;z=16&#038;output=embed&#038;iwloc=near\"\n\t\t\t\t\ttitle=\"dar-len anna panek\"\n\t\t\t\t\taria-label=\"dar-len anna panek\"\n\t\t\t><\/iframe>\n\t\t<\/div>\n\t\t\t\t<\/div>\n\t\t\t\t<\/div>\n\t\t\t\t<div class=\"elementor-element elementor-element-d432a62 elementor-widget elementor-widget-spacer\" data-id=\"d432a62\" data-element_type=\"widget\" data-widget_type=\"spacer.default\">\n\t\t\t\t<div class=\"elementor-widget-container\">\n\t\t\t\t\t<div class=\"elementor-spacer\">\n\t\t\t<div class=\"elementor-spacer-inner\"><\/div>\n\t\t<\/div>\n\t\t\t\t<\/div>\n\t\t\t\t<\/div>\n\t\t\t\t\t<\/div>\n\t\t<\/div>\n\t\t\t\t\t\t\t<\/div>\n\t\t<\/section>\n\t\t\t\t\t\t\t<\/div>\n\t\t","protected":false},"excerpt":{"rendered":"<p>ZADZWO\u0143 +48 601 726 663+48 725 400 998 Kontakt GODZINY PRACY Poniedzia\u0142ek -Sobota 7.00-19.00 Pracujemy ADRES ul. G\u0142\u00f3wna 2A55-093 Brzezia \u0141\u0105ka Lokalizacja Mapa Dojazdowa<\/p>\n","protected":false},"author":1,"featured_media":0,"parent":0,"menu_order":0,"comment_status":"closed","ping_status":"closed","template":"","meta":{"footnotes":""},"class_list":["post-1169","page","type-page","status-publish","hentry"],"yoast_head":"<!-- This site is optimized with the Yoast SEO plugin v21.3 - https:\/\/yoast.com\/wordpress\/plugins\/seo\/ -->\n<title>Kontakt - Wyw\u00f3z nieczysto\u015bci \u2013 firma asenizacyjna Dar-Len, Brzezia \u0141\u0105ka<\/title>\n<meta name=\"robots\" content=\"index, follow, max-snippet:-1, max-image-preview:large, max-video-preview:-1\" \/>\n<link rel=\"canonical\" href=\"http:\/\/uslugi-asenizacyjne.pl\/index.php\/kontakt\/\" \/>\n<meta property=\"og:locale\" content=\"pl_PL\" \/>\n<meta property=\"og:type\" content=\"article\" \/>\n<meta property=\"og:title\" content=\"Kontakt - Wyw\u00f3z nieczysto\u015bci \u2013 firma asenizacyjna Dar-Len, Brzezia \u0141\u0105ka\" \/>\n<meta property=\"og:description\" content=\"ZADZWO\u0143 +48 601 726 663+48 725 400 998 Kontakt GODZINY PRACY Poniedzia\u0142ek -Sobota 7.00-19.00 Pracujemy ADRES ul. G\u0142\u00f3wna 2A55-093 Brzezia \u0141\u0105ka Lokalizacja Mapa Dojazdowa\" \/>\n<meta property=\"og:url\" content=\"http:\/\/uslugi-asenizacyjne.pl\/index.php\/kontakt\/\" \/>\n<meta property=\"og:site_name\" content=\"Wyw\u00f3z nieczysto\u015bci \u2013 firma asenizacyjna Dar-Len, Brzezia \u0141\u0105ka\" \/>\n<meta property=\"article:publisher\" content=\"https:\/\/www.facebook.com\/profile.php?id=100063558891856\" \/>\n<meta property=\"article:modified_time\" content=\"2023-10-04T06:42:47+00:00\" \/>\n<meta name=\"twitter:card\" content=\"summary_large_image\" \/>\n<script type=\"application\/ld+json\" class=\"yoast-schema-graph\">{\"@context\":\"https:\/\/schema.org\",\"@graph\":[{\"@type\":\"WebPage\",\"@id\":\"http:\/\/uslugi-asenizacyjne.pl\/index.php\/kontakt\/\",\"url\":\"http:\/\/uslugi-asenizacyjne.pl\/index.php\/kontakt\/\",\"name\":\"Kontakt - Wyw\u00f3z nieczysto\u015bci \u2013 firma asenizacyjna Dar-Len, Brzezia \u0141\u0105ka\",\"isPartOf\":{\"@id\":\"http:\/\/uslugi-asenizacyjne.pl\/#website\"},\"datePublished\":\"2020-08-20T14:23:36+00:00\",\"dateModified\":\"2023-10-04T06:42:47+00:00\",\"breadcrumb\":{\"@id\":\"http:\/\/uslugi-asenizacyjne.pl\/index.php\/kontakt\/#breadcrumb\"},\"inLanguage\":\"pl-PL\",\"potentialAction\":[{\"@type\":\"ReadAction\",\"target\":[\"http:\/\/uslugi-asenizacyjne.pl\/index.php\/kontakt\/\"]}]},{\"@type\":\"BreadcrumbList\",\"@id\":\"http:\/\/uslugi-asenizacyjne.pl\/index.php\/kontakt\/#breadcrumb\",\"itemListElement\":[{\"@type\":\"ListItem\",\"position\":1,\"name\":\"Strona g\u0142\u00f3wna\",\"item\":\"http:\/\/uslugi-asenizacyjne.pl\/\"},{\"@type\":\"ListItem\",\"position\":2,\"name\":\"Kontakt\"}]},{\"@type\":\"WebSite\",\"@id\":\"http:\/\/uslugi-asenizacyjne.pl\/#website\",\"url\":\"http:\/\/uslugi-asenizacyjne.pl\/\",\"name\":\"Wyw\u00f3z nieczysto\u015bci \u2013 firma asenizacyjna Dar-Len, Brzezia \u0141\u0105ka\",\"description\":\"Jako firma asenizacyjna zajmujemy si\u0119 szybkim i fachowym wywozem nieczysto\u015bci. Dzia\u0142amy na terenie gminy Ole\u015bnica, D\u0142ugo\u0142\u0119ka, Dobroszyce oraz Zabonia.\",\"publisher\":{\"@id\":\"http:\/\/uslugi-asenizacyjne.pl\/#organization\"},\"potentialAction\":[{\"@type\":\"SearchAction\",\"target\":{\"@type\":\"EntryPoint\",\"urlTemplate\":\"http:\/\/uslugi-asenizacyjne.pl\/?s={search_term_string}\"},\"query-input\":\"required name=search_term_string\"}],\"inLanguage\":\"pl-PL\"},{\"@type\":\"Organization\",\"@id\":\"http:\/\/uslugi-asenizacyjne.pl\/#organization\",\"name\":\"Wyw\u00f3z nieczysto\u015bci \u2013 firma asenizacyjna Dar-Len, Brzezia \u0141\u0105ka\",\"url\":\"http:\/\/uslugi-asenizacyjne.pl\/\",\"logo\":{\"@type\":\"ImageObject\",\"inLanguage\":\"pl-PL\",\"@id\":\"http:\/\/uslugi-asenizacyjne.pl\/#\/schema\/logo\/image\/\",\"url\":\"http:\/\/uslugi-asenizacyjne.pl\/wp-content\/uploads\/2023\/10\/logo-stopka.png\",\"contentUrl\":\"http:\/\/uslugi-asenizacyjne.pl\/wp-content\/uploads\/2023\/10\/logo-stopka.png\",\"width\":299,\"height\":73,\"caption\":\"Wyw\u00f3z nieczysto\u015bci \u2013 firma asenizacyjna Dar-Len, Brzezia \u0141\u0105ka\"},\"image\":{\"@id\":\"http:\/\/uslugi-asenizacyjne.pl\/#\/schema\/logo\/image\/\"},\"sameAs\":[\"https:\/\/www.facebook.com\/profile.php?id=100063558891856\"]}]}<\/script>\n<!-- \/ Yoast SEO plugin. -->","yoast_head_json":{"title":"Kontakt - Wyw\u00f3z nieczysto\u015bci \u2013 firma asenizacyjna Dar-Len, Brzezia \u0141\u0105ka","robots":{"index":"index","follow":"follow","max-snippet":"max-snippet:-1","max-image-preview":"max-image-preview:large","max-video-preview":"max-video-preview:-1"},"canonical":"http:\/\/uslugi-asenizacyjne.pl\/index.php\/kontakt\/","og_locale":"pl_PL","og_type":"article","og_title":"Kontakt - Wyw\u00f3z nieczysto\u015bci \u2013 firma asenizacyjna Dar-Len, Brzezia \u0141\u0105ka","og_description":"ZADZWO\u0143 +48 601 726 663+48 725 400 998 Kontakt GODZINY PRACY Poniedzia\u0142ek -Sobota 7.00-19.00 Pracujemy ADRES ul. G\u0142\u00f3wna 2A55-093 Brzezia \u0141\u0105ka Lokalizacja Mapa Dojazdowa","og_url":"http:\/\/uslugi-asenizacyjne.pl\/index.php\/kontakt\/","og_site_name":"Wyw\u00f3z nieczysto\u015bci \u2013 firma asenizacyjna Dar-Len, Brzezia \u0141\u0105ka","article_publisher":"https:\/\/www.facebook.com\/profile.php?id=100063558891856","article_modified_time":"2023-10-04T06:42:47+00:00","twitter_card":"summary_large_image","schema":{"@context":"https:\/\/schema.org","@graph":[{"@type":"WebPage","@id":"http:\/\/uslugi-asenizacyjne.pl\/index.php\/kontakt\/","url":"http:\/\/uslugi-asenizacyjne.pl\/index.php\/kontakt\/","name":"Kontakt - Wyw\u00f3z nieczysto\u015bci \u2013 firma asenizacyjna Dar-Len, Brzezia \u0141\u0105ka","isPartOf":{"@id":"http:\/\/uslugi-asenizacyjne.pl\/#website"},"datePublished":"2020-08-20T14:23:36+00:00","dateModified":"2023-10-04T06:42:47+00:00","breadcrumb":{"@id":"http:\/\/uslugi-asenizacyjne.pl\/index.php\/kontakt\/#breadcrumb"},"inLanguage":"pl-PL","potentialAction":[{"@type":"ReadAction","target":["http:\/\/uslugi-asenizacyjne.pl\/index.php\/kontakt\/"]}]},{"@type":"BreadcrumbList","@id":"http:\/\/uslugi-asenizacyjne.pl\/index.php\/kontakt\/#breadcrumb","itemListElement":[{"@type":"ListItem","position":1,"name":"Strona g\u0142\u00f3wna","item":"http:\/\/uslugi-asenizacyjne.pl\/"},{"@type":"ListItem","position":2,"name":"Kontakt"}]},{"@type":"WebSite","@id":"http:\/\/uslugi-asenizacyjne.pl\/#website","url":"http:\/\/uslugi-asenizacyjne.pl\/","name":"Wyw\u00f3z nieczysto\u015bci \u2013 firma asenizacyjna Dar-Len, Brzezia \u0141\u0105ka","description":"Jako firma asenizacyjna zajmujemy si\u0119 szybkim i fachowym wywozem nieczysto\u015bci. Dzia\u0142amy na terenie gminy Ole\u015bnica, D\u0142ugo\u0142\u0119ka, Dobroszyce oraz Zabonia.","publisher":{"@id":"http:\/\/uslugi-asenizacyjne.pl\/#organization"},"potentialAction":[{"@type":"SearchAction","target":{"@type":"EntryPoint","urlTemplate":"http:\/\/uslugi-asenizacyjne.pl\/?s={search_term_string}"},"query-input":"required name=search_term_string"}],"inLanguage":"pl-PL"},{"@type":"Organization","@id":"http:\/\/uslugi-asenizacyjne.pl\/#organization","name":"Wyw\u00f3z nieczysto\u015bci \u2013 firma asenizacyjna Dar-Len, Brzezia \u0141\u0105ka","url":"http:\/\/uslugi-asenizacyjne.pl\/","logo":{"@type":"ImageObject","inLanguage":"pl-PL","@id":"http:\/\/uslugi-asenizacyjne.pl\/#\/schema\/logo\/image\/","url":"http:\/\/uslugi-asenizacyjne.pl\/wp-content\/uploads\/2023\/10\/logo-stopka.png","contentUrl":"http:\/\/uslugi-asenizacyjne.pl\/wp-content\/uploads\/2023\/10\/logo-stopka.png","width":299,"height":73,"caption":"Wyw\u00f3z nieczysto\u015bci \u2013 firma asenizacyjna Dar-Len, Brzezia \u0141\u0105ka"},"image":{"@id":"http:\/\/uslugi-asenizacyjne.pl\/#\/schema\/logo\/image\/"},"sameAs":["https:\/\/www.facebook.com\/profile.php?id=100063558891856"]}]}},"_links":{"self":[{"href":"http:\/\/uslugi-asenizacyjne.pl\/index.php\/wp-json\/wp\/v2\/pages\/1169","targetHints":{"allow":["GET"]}}],"collection":[{"href":"http:\/\/uslugi-asenizacyjne.pl\/index.php\/wp-json\/wp\/v2\/pages"}],"about":[{"href":"http:\/\/uslugi-asenizacyjne.pl\/index.php\/wp-json\/wp\/v2\/types\/page"}],"author":[{"embeddable":true,"href":"http:\/\/uslugi-asenizacyjne.pl\/index.php\/wp-json\/wp\/v2\/users\/1"}],"replies":[{"embeddable":true,"href":"http:\/\/uslugi-asenizacyjne.pl\/index.php\/wp-json\/wp\/v2\/comments?post=1169"}],"version-history":[{"count":48,"href":"http:\/\/uslugi-asenizacyjne.pl\/index.php\/wp-json\/wp\/v2\/pages\/1169\/revisions"}],"predecessor-version":[{"id":2321,"href":"http:\/\/uslugi-asenizacyjne.pl\/index.php\/wp-json\/wp\/v2\/pages\/1169\/revisions\/2321"}],"wp:attachment":[{"href":"http:\/\/uslugi-asenizacyjne.pl\/index.php\/wp-json\/wp\/v2\/media?parent=1169"}],"curies":[{"name":"wp","href":"https:\/\/api.w.org\/{rel}","templated":true}]}}