{"id":1255,"date":"2020-08-21T05:53:02","date_gmt":"2020-08-21T05:53:02","guid":{"rendered":"http:\/\/ninzio.com\/byron\/?page_id=1255"},"modified":"2023-10-04T11:07:38","modified_gmt":"2023-10-04T09:07:38","slug":"oferta","status":"publish","type":"page","link":"http:\/\/uslugi-asenizacyjne.pl\/index.php\/oferta\/","title":{"rendered":"Oferta"},"content":{"rendered":"\t\t<div data-elementor-type=\"wp-page\" data-elementor-id=\"1255\" class=\"elementor elementor-1255\">\n\t\t\t\t\t\t\t\t\t<section class=\"elementor-section elementor-top-section elementor-element elementor-element-42d95ff4 elementor-section-stretched elementor-section-boxed elementor-section-height-default elementor-section-height-default\" data-id=\"42d95ff4\" data-element_type=\"section\" data-settings=\"{&quot;stretch_section&quot;:&quot;section-stretched&quot;,&quot;background_background&quot;:&quot;classic&quot;}\">\n\t\t\t\t\t\t<div class=\"elementor-container elementor-column-gap-default\">\n\t\t\t\t\t<div class=\"elementor-column elementor-col-100 elementor-top-column elementor-element elementor-element-6cc00ff7\" data-id=\"6cc00ff7\" data-element_type=\"column\">\n\t\t\t<div class=\"elementor-widget-wrap elementor-element-populated\">\n\t\t\t\t\t\t\t\t<div class=\"elementor-element elementor-element-263833b0 elementor-widget elementor-widget-spacer\" data-id=\"263833b0\" data-element_type=\"widget\" data-widget_type=\"spacer.default\">\n\t\t\t\t<div class=\"elementor-widget-container\">\n\t\t\t<style>\/*! elementor - v3.16.0 - 20-09-2023 *\/\n.elementor-column .elementor-spacer-inner{height:var(--spacer-size)}.e-con{--container-widget-width:100%}.e-con-inner>.elementor-widget-spacer,.e-con>.elementor-widget-spacer{width:var(--container-widget-width,var(--spacer-size));--align-self:var(--container-widget-align-self,initial);--flex-shrink:0}.e-con-inner>.elementor-widget-spacer>.elementor-widget-container,.e-con>.elementor-widget-spacer>.elementor-widget-container{height:100%;width:100%}.e-con-inner>.elementor-widget-spacer>.elementor-widget-container>.elementor-spacer,.e-con>.elementor-widget-spacer>.elementor-widget-container>.elementor-spacer{height:100%}.e-con-inner>.elementor-widget-spacer>.elementor-widget-container>.elementor-spacer>.elementor-spacer-inner,.e-con>.elementor-widget-spacer>.elementor-widget-container>.elementor-spacer>.elementor-spacer-inner{height:var(--container-widget-height,var(--spacer-size))}.e-con-inner>.elementor-widget-spacer.elementor-widget-empty,.e-con>.elementor-widget-spacer.elementor-widget-empty{position:relative;min-height:22px;min-width:22px}.e-con-inner>.elementor-widget-spacer.elementor-widget-empty .elementor-widget-empty-icon,.e-con>.elementor-widget-spacer.elementor-widget-empty .elementor-widget-empty-icon{position:absolute;top:0;bottom:0;left:0;right:0;margin:auto;padding:0;width:22px;height:22px}<\/style>\t\t<div class=\"elementor-spacer\">\n\t\t\t<div class=\"elementor-spacer-inner\"><\/div>\n\t\t<\/div>\n\t\t\t\t<\/div>\n\t\t\t\t<\/div>\n\t\t\t\t<div class=\"elementor-element elementor-element-3fcac094 align-center elementor-widget elementor-widget-mae-headings\" data-id=\"3fcac094\" data-element_type=\"widget\" data-widget_type=\"mae-headings.default\">\n\t\t\t\t<div class=\"elementor-widget-container\">\n\t\t\t\t\t<div class=\"master-heading\">\n\t        \n\t        \t        <h2 class=\"main-heading\">Szukasz profesjonalnej firmy, <\/br>kt\u00f3ra zajmie si\u0119 oczyszczaniem Twojej kanalizacji? <\/h2>\n\t        \n\t        \n\t        \t            <div class=\"sub-heading\">Nie szukaj dalej, bo firma Dar-Len Anna Panek jest w\u0142a\u015bnie tym, czego potrzebujesz. Oferujemy kompleksowe us\u0142ugi asenizacyjne, dzi\u0119ki kt\u00f3rym skutecznie pozb\u0119dziesz si\u0119 \u015bciek\u00f3w ze swojego systemu kanalizacyjnego. Nasza firma dysponuje nowoczesnym sprz\u0119tem i wykwalifikowan\u0105 kadr\u0105, kt\u00f3ra zapewni Ci szybk\u0105 i bezpieczn\u0105 realizacj\u0119 zlecenia. Niezale\u017cnie od tego, czy potrzebujesz opr\u00f3\u017cnienia szamba, przepompowania studni, czy oczyszczenia rur, mo\u017cesz liczy\u0107 na nasz\u0105 fachow\u0105 pomoc. Zapraszamy do kontaktu z nami pod numerem telefonu 725 400 998 . Ch\u0119tnie odpowiemy na wszystkie Twoje pytania i doradzimy Ci najlepsze rozwi\u0105zanie dla Twojej sytuacji. Nie zwlekaj, skorzystaj z naszej oferty i ciesz si\u0119 czyst\u0105 i sprawn\u0105 kanalizacj\u0105.<\/div>\n\t        \t    <\/div>\n\t    \t\t<\/div>\n\t\t\t\t<\/div>\n\t\t\t\t<div class=\"elementor-element elementor-element-5b8680d7 elementor-widget elementor-widget-spacer\" data-id=\"5b8680d7\" data-element_type=\"widget\" data-widget_type=\"spacer.default\">\n\t\t\t\t<div class=\"elementor-widget-container\">\n\t\t\t\t\t<div class=\"elementor-spacer\">\n\t\t\t<div class=\"elementor-spacer-inner\"><\/div>\n\t\t<\/div>\n\t\t\t\t<\/div>\n\t\t\t\t<\/div>\n\t\t\t\t<section class=\"elementor-section elementor-inner-section elementor-element elementor-element-11adb3f4 elementor-section-boxed elementor-section-height-default elementor-section-height-default\" data-id=\"11adb3f4\" data-element_type=\"section\">\n\t\t\t\t\t\t<div class=\"elementor-container elementor-column-gap-default\">\n\t\t\t\t\t<div class=\"elementor-column elementor-col-50 elementor-inner-column elementor-element elementor-element-1d295677\" data-id=\"1d295677\" data-element_type=\"column\">\n\t\t\t<div class=\"elementor-widget-wrap elementor-element-populated\">\n\t\t\t\t\t\t\t\t<div class=\"elementor-element elementor-element-3c9993eb align-left icon-position-top icon-has-bg hover-effect-none elementor-widget elementor-widget-mae-icon-box\" data-id=\"3c9993eb\" data-element_type=\"widget\" data-widget_type=\"mae-icon-box.default\">\n\t\t\t\t<div class=\"elementor-widget-container\">\n\t\t\t\n        <div class=\"master-icon-box\" >\n            \n            <div class=\"icon-wrap\"><div class=\"master-icon\"><i class=\"byr byr-fuel-truck\"><\/i><\/div><\/div>\n            <div class=\"text-wrap\">\n                <h3 class=\"headline-2\">Asenizacja i utylizacja \u015bciek\u00f3w<\/h3><div class=\"sep\"><\/div><div class=\"desc\">Oferujemy szeroki zakres us\u0142ug asenizacyjnych, obejmuj\u0105cych zar\u00f3wno wyw\u00f3z nieczysto\u015bci z przydomowych szamb i oczyszczalni \u015bciek\u00f3w, zak\u0142ad\u00f3w produkcyjnych, jak r\u00f3wnie\u017c z teren\u00f3w gospodarstw rolnych. Gwarantujemy, \u017ce proces przebiega z zachowaniem najwy\u017cszych standard\u00f3w bezpiecze\u0144stwa i czysto\u015bci. Nasze us\u0142ugi to tak\u017ce pewno\u015b\u0107, \u017ce wszystko potoczy si\u0119 sprawnie i precyzyjnie, w terminie tak szybkim, jak to tylko mo\u017cliwe.  Zach\u0119camy do skorzystania z naszych us\u0142ug! \nW awaryjnych sytuacjach, przyjmujemy zg\u0142oszenia 24h na dob\u0119.\n\n <\/div>            <\/div>\n        <\/div>\n\n        \t\t<\/div>\n\t\t\t\t<\/div>\n\t\t\t\t<div class=\"elementor-element elementor-element-54bb39f9 elementor-widget elementor-widget-spacer\" data-id=\"54bb39f9\" data-element_type=\"widget\" data-widget_type=\"spacer.default\">\n\t\t\t\t<div class=\"elementor-widget-container\">\n\t\t\t\t\t<div class=\"elementor-spacer\">\n\t\t\t<div class=\"elementor-spacer-inner\"><\/div>\n\t\t<\/div>\n\t\t\t\t<\/div>\n\t\t\t\t<\/div>\n\t\t\t\t\t<\/div>\n\t\t<\/div>\n\t\t\t\t<div class=\"elementor-column elementor-col-50 elementor-inner-column elementor-element elementor-element-3c936290\" data-id=\"3c936290\" data-element_type=\"column\">\n\t\t\t<div class=\"elementor-widget-wrap elementor-element-populated\">\n\t\t\t\t\t\t\t\t<div class=\"elementor-element elementor-element-778fd7a4 align-left icon-position-top icon-has-bg hover-effect-none elementor-widget elementor-widget-mae-icon-box\" data-id=\"778fd7a4\" data-element_type=\"widget\" data-widget_type=\"mae-icon-box.default\">\n\t\t\t\t<div class=\"elementor-widget-container\">\n\t\t\t\n        <div class=\"master-icon-box\" >\n            \n            <div class=\"icon-wrap\"><div class=\"master-icon\"><i class=\"byr byr-gas-pipe-1\"><\/i><\/div><\/div>\n            <div class=\"text-wrap\">\n                <h3 class=\"headline-2\">Us\u0142ugi asenizacyjne<\/h3><div class=\"sep\"><\/div><div class=\"desc\">Oczyszczanie szamb i wyw\u00f3z nieczysto\u015bci p\u0142ynnych to dzia\u0142anie niezb\u0119dne do utrzymania optymalnego stanu kanalizacji przydomowej czy przedsi\u0119biorstwa. Nie mo\u017cna dopu\u015bci\u0107 do przepe\u0142nienia szamba, poniewa\u017c skutkuje to nie tylko wyciekiem \u015bciek\u00f3w na teren posesji, ale te\u017c wydobywaniem si\u0119 nieprzyjemnych zapach\u00f3w, kt\u00f3re s\u0105 szkodliwe dla otoczenia i truj\u0105ce dla ludzi oraz zwierz\u0105t. W Dar-Len doskonale zdajemy sobie spraw\u0119 z niebezpiecze\u0144stwa, jakie niesie wdychanie opar\u00f3w \u015bciekowych, dlatego polecamy nasze us\u0142ugi, kt\u00f3re przeprowadzimy w mgnieniu oka.<\/div>            <\/div>\n        <\/div>\n\n        \t\t<\/div>\n\t\t\t\t<\/div>\n\t\t\t\t<div class=\"elementor-element elementor-element-7cbe7216 elementor-widget elementor-widget-spacer\" data-id=\"7cbe7216\" data-element_type=\"widget\" data-widget_type=\"spacer.default\">\n\t\t\t\t<div class=\"elementor-widget-container\">\n\t\t\t\t\t<div class=\"elementor-spacer\">\n\t\t\t<div class=\"elementor-spacer-inner\"><\/div>\n\t\t<\/div>\n\t\t\t\t<\/div>\n\t\t\t\t<\/div>\n\t\t\t\t\t<\/div>\n\t\t<\/div>\n\t\t\t\t\t\t\t<\/div>\n\t\t<\/section>\n\t\t\t\t<div class=\"elementor-element elementor-element-998ad3e elementor-widget elementor-widget-spacer\" data-id=\"998ad3e\" data-element_type=\"widget\" data-widget_type=\"spacer.default\">\n\t\t\t\t<div class=\"elementor-widget-container\">\n\t\t\t\t\t<div class=\"elementor-spacer\">\n\t\t\t<div class=\"elementor-spacer-inner\"><\/div>\n\t\t<\/div>\n\t\t\t\t<\/div>\n\t\t\t\t<\/div>\n\t\t\t\t\t<\/div>\n\t\t<\/div>\n\t\t\t\t\t\t\t<\/div>\n\t\t<\/section>\n\t\t\t\t\t\t\t<\/div>\n\t\t","protected":false},"excerpt":{"rendered":"<p>Szukasz profesjonalnej firmy, kt\u00f3ra zajmie si\u0119 oczyszczaniem Twojej kanalizacji? Nie szukaj dalej, bo firma Dar-Len Anna Panek jest w\u0142a\u015bnie tym, czego potrzebujesz. Oferujemy kompleksowe us\u0142ugi asenizacyjne, dzi\u0119ki kt\u00f3rym skutecznie pozb\u0119dziesz si\u0119 \u015bciek\u00f3w ze swojego systemu kanalizacyjnego. Nasza firma dysponuje nowoczesnym sprz\u0119tem i wykwalifikowan\u0105 kadr\u0105, kt\u00f3ra zapewni Ci<\/p>\n","protected":false},"author":1,"featured_media":0,"parent":0,"menu_order":0,"comment_status":"closed","ping_status":"closed","template":"","meta":{"footnotes":""},"class_list":["post-1255","page","type-page","status-publish","hentry"],"yoast_head":"<!-- This site is optimized with the Yoast SEO plugin v21.3 - https:\/\/yoast.com\/wordpress\/plugins\/seo\/ -->\n<title>Oferta - Wyw\u00f3z nieczysto\u015bci \u2013 firma asenizacyjna Dar-Len, Brzezia \u0141\u0105ka<\/title>\n<meta name=\"robots\" content=\"index, follow, max-snippet:-1, max-image-preview:large, max-video-preview:-1\" \/>\n<link rel=\"canonical\" href=\"http:\/\/uslugi-asenizacyjne.pl\/index.php\/oferta\/\" \/>\n<meta property=\"og:locale\" content=\"pl_PL\" \/>\n<meta property=\"og:type\" content=\"article\" \/>\n<meta property=\"og:title\" content=\"Oferta - Wyw\u00f3z nieczysto\u015bci \u2013 firma asenizacyjna Dar-Len, Brzezia \u0141\u0105ka\" \/>\n<meta property=\"og:description\" content=\"Szukasz profesjonalnej firmy, kt\u00f3ra zajmie si\u0119 oczyszczaniem Twojej kanalizacji? Nie szukaj dalej, bo firma Dar-Len Anna Panek jest w\u0142a\u015bnie tym, czego potrzebujesz. Oferujemy kompleksowe us\u0142ugi asenizacyjne, dzi\u0119ki kt\u00f3rym skutecznie pozb\u0119dziesz si\u0119 \u015bciek\u00f3w ze swojego systemu kanalizacyjnego. Nasza firma dysponuje nowoczesnym sprz\u0119tem i wykwalifikowan\u0105 kadr\u0105, kt\u00f3ra zapewni Ci\" \/>\n<meta property=\"og:url\" content=\"http:\/\/uslugi-asenizacyjne.pl\/index.php\/oferta\/\" \/>\n<meta property=\"og:site_name\" content=\"Wyw\u00f3z nieczysto\u015bci \u2013 firma asenizacyjna Dar-Len, Brzezia \u0141\u0105ka\" \/>\n<meta property=\"article:publisher\" content=\"https:\/\/www.facebook.com\/profile.php?id=100063558891856\" \/>\n<meta property=\"article:modified_time\" content=\"2023-10-04T09:07:38+00:00\" \/>\n<meta name=\"twitter:card\" content=\"summary_large_image\" \/>\n<meta name=\"twitter:label1\" content=\"Szacowany czas czytania\" \/>\n\t<meta name=\"twitter:data1\" content=\"2 minuty\" \/>\n<script type=\"application\/ld+json\" class=\"yoast-schema-graph\">{\"@context\":\"https:\/\/schema.org\",\"@graph\":[{\"@type\":\"WebPage\",\"@id\":\"http:\/\/uslugi-asenizacyjne.pl\/index.php\/oferta\/\",\"url\":\"http:\/\/uslugi-asenizacyjne.pl\/index.php\/oferta\/\",\"name\":\"Oferta - Wyw\u00f3z nieczysto\u015bci \u2013 firma asenizacyjna Dar-Len, Brzezia \u0141\u0105ka\",\"isPartOf\":{\"@id\":\"http:\/\/uslugi-asenizacyjne.pl\/#website\"},\"datePublished\":\"2020-08-21T05:53:02+00:00\",\"dateModified\":\"2023-10-04T09:07:38+00:00\",\"breadcrumb\":{\"@id\":\"http:\/\/uslugi-asenizacyjne.pl\/index.php\/oferta\/#breadcrumb\"},\"inLanguage\":\"pl-PL\",\"potentialAction\":[{\"@type\":\"ReadAction\",\"target\":[\"http:\/\/uslugi-asenizacyjne.pl\/index.php\/oferta\/\"]}]},{\"@type\":\"BreadcrumbList\",\"@id\":\"http:\/\/uslugi-asenizacyjne.pl\/index.php\/oferta\/#breadcrumb\",\"itemListElement\":[{\"@type\":\"ListItem\",\"position\":1,\"name\":\"Strona g\u0142\u00f3wna\",\"item\":\"http:\/\/uslugi-asenizacyjne.pl\/\"},{\"@type\":\"ListItem\",\"position\":2,\"name\":\"Oferta\"}]},{\"@type\":\"WebSite\",\"@id\":\"http:\/\/uslugi-asenizacyjne.pl\/#website\",\"url\":\"http:\/\/uslugi-asenizacyjne.pl\/\",\"name\":\"Wyw\u00f3z nieczysto\u015bci \u2013 firma asenizacyjna Dar-Len, Brzezia \u0141\u0105ka\",\"description\":\"Jako firma asenizacyjna zajmujemy si\u0119 szybkim i fachowym wywozem nieczysto\u015bci. Dzia\u0142amy na terenie gminy Ole\u015bnica, D\u0142ugo\u0142\u0119ka, Dobroszyce oraz Zabonia.\",\"publisher\":{\"@id\":\"http:\/\/uslugi-asenizacyjne.pl\/#organization\"},\"potentialAction\":[{\"@type\":\"SearchAction\",\"target\":{\"@type\":\"EntryPoint\",\"urlTemplate\":\"http:\/\/uslugi-asenizacyjne.pl\/?s={search_term_string}\"},\"query-input\":\"required name=search_term_string\"}],\"inLanguage\":\"pl-PL\"},{\"@type\":\"Organization\",\"@id\":\"http:\/\/uslugi-asenizacyjne.pl\/#organization\",\"name\":\"Wyw\u00f3z nieczysto\u015bci \u2013 firma asenizacyjna Dar-Len, Brzezia \u0141\u0105ka\",\"url\":\"http:\/\/uslugi-asenizacyjne.pl\/\",\"logo\":{\"@type\":\"ImageObject\",\"inLanguage\":\"pl-PL\",\"@id\":\"http:\/\/uslugi-asenizacyjne.pl\/#\/schema\/logo\/image\/\",\"url\":\"http:\/\/uslugi-asenizacyjne.pl\/wp-content\/uploads\/2023\/10\/logo-stopka.png\",\"contentUrl\":\"http:\/\/uslugi-asenizacyjne.pl\/wp-content\/uploads\/2023\/10\/logo-stopka.png\",\"width\":299,\"height\":73,\"caption\":\"Wyw\u00f3z nieczysto\u015bci \u2013 firma asenizacyjna Dar-Len, Brzezia \u0141\u0105ka\"},\"image\":{\"@id\":\"http:\/\/uslugi-asenizacyjne.pl\/#\/schema\/logo\/image\/\"},\"sameAs\":[\"https:\/\/www.facebook.com\/profile.php?id=100063558891856\"]}]}<\/script>\n<!-- \/ Yoast SEO plugin. -->","yoast_head_json":{"title":"Oferta - Wyw\u00f3z nieczysto\u015bci \u2013 firma asenizacyjna Dar-Len, Brzezia \u0141\u0105ka","robots":{"index":"index","follow":"follow","max-snippet":"max-snippet:-1","max-image-preview":"max-image-preview:large","max-video-preview":"max-video-preview:-1"},"canonical":"http:\/\/uslugi-asenizacyjne.pl\/index.php\/oferta\/","og_locale":"pl_PL","og_type":"article","og_title":"Oferta - Wyw\u00f3z nieczysto\u015bci \u2013 firma asenizacyjna Dar-Len, Brzezia \u0141\u0105ka","og_description":"Szukasz profesjonalnej firmy, kt\u00f3ra zajmie si\u0119 oczyszczaniem Twojej kanalizacji? Nie szukaj dalej, bo firma Dar-Len Anna Panek jest w\u0142a\u015bnie tym, czego potrzebujesz. Oferujemy kompleksowe us\u0142ugi asenizacyjne, dzi\u0119ki kt\u00f3rym skutecznie pozb\u0119dziesz si\u0119 \u015bciek\u00f3w ze swojego systemu kanalizacyjnego. Nasza firma dysponuje nowoczesnym sprz\u0119tem i wykwalifikowan\u0105 kadr\u0105, kt\u00f3ra zapewni Ci","og_url":"http:\/\/uslugi-asenizacyjne.pl\/index.php\/oferta\/","og_site_name":"Wyw\u00f3z nieczysto\u015bci \u2013 firma asenizacyjna Dar-Len, Brzezia \u0141\u0105ka","article_publisher":"https:\/\/www.facebook.com\/profile.php?id=100063558891856","article_modified_time":"2023-10-04T09:07:38+00:00","twitter_card":"summary_large_image","twitter_misc":{"Szacowany czas czytania":"2 minuty"},"schema":{"@context":"https:\/\/schema.org","@graph":[{"@type":"WebPage","@id":"http:\/\/uslugi-asenizacyjne.pl\/index.php\/oferta\/","url":"http:\/\/uslugi-asenizacyjne.pl\/index.php\/oferta\/","name":"Oferta - Wyw\u00f3z nieczysto\u015bci \u2013 firma asenizacyjna Dar-Len, Brzezia \u0141\u0105ka","isPartOf":{"@id":"http:\/\/uslugi-asenizacyjne.pl\/#website"},"datePublished":"2020-08-21T05:53:02+00:00","dateModified":"2023-10-04T09:07:38+00:00","breadcrumb":{"@id":"http:\/\/uslugi-asenizacyjne.pl\/index.php\/oferta\/#breadcrumb"},"inLanguage":"pl-PL","potentialAction":[{"@type":"ReadAction","target":["http:\/\/uslugi-asenizacyjne.pl\/index.php\/oferta\/"]}]},{"@type":"BreadcrumbList","@id":"http:\/\/uslugi-asenizacyjne.pl\/index.php\/oferta\/#breadcrumb","itemListElement":[{"@type":"ListItem","position":1,"name":"Strona g\u0142\u00f3wna","item":"http:\/\/uslugi-asenizacyjne.pl\/"},{"@type":"ListItem","position":2,"name":"Oferta"}]},{"@type":"WebSite","@id":"http:\/\/uslugi-asenizacyjne.pl\/#website","url":"http:\/\/uslugi-asenizacyjne.pl\/","name":"Wyw\u00f3z nieczysto\u015bci \u2013 firma asenizacyjna Dar-Len, Brzezia \u0141\u0105ka","description":"Jako firma asenizacyjna zajmujemy si\u0119 szybkim i fachowym wywozem nieczysto\u015bci. Dzia\u0142amy na terenie gminy Ole\u015bnica, D\u0142ugo\u0142\u0119ka, Dobroszyce oraz Zabonia.","publisher":{"@id":"http:\/\/uslugi-asenizacyjne.pl\/#organization"},"potentialAction":[{"@type":"SearchAction","target":{"@type":"EntryPoint","urlTemplate":"http:\/\/uslugi-asenizacyjne.pl\/?s={search_term_string}"},"query-input":"required name=search_term_string"}],"inLanguage":"pl-PL"},{"@type":"Organization","@id":"http:\/\/uslugi-asenizacyjne.pl\/#organization","name":"Wyw\u00f3z nieczysto\u015bci \u2013 firma asenizacyjna Dar-Len, Brzezia \u0141\u0105ka","url":"http:\/\/uslugi-asenizacyjne.pl\/","logo":{"@type":"ImageObject","inLanguage":"pl-PL","@id":"http:\/\/uslugi-asenizacyjne.pl\/#\/schema\/logo\/image\/","url":"http:\/\/uslugi-asenizacyjne.pl\/wp-content\/uploads\/2023\/10\/logo-stopka.png","contentUrl":"http:\/\/uslugi-asenizacyjne.pl\/wp-content\/uploads\/2023\/10\/logo-stopka.png","width":299,"height":73,"caption":"Wyw\u00f3z nieczysto\u015bci \u2013 firma asenizacyjna Dar-Len, Brzezia \u0141\u0105ka"},"image":{"@id":"http:\/\/uslugi-asenizacyjne.pl\/#\/schema\/logo\/image\/"},"sameAs":["https:\/\/www.facebook.com\/profile.php?id=100063558891856"]}]}},"_links":{"self":[{"href":"http:\/\/uslugi-asenizacyjne.pl\/index.php\/wp-json\/wp\/v2\/pages\/1255","targetHints":{"allow":["GET"]}}],"collection":[{"href":"http:\/\/uslugi-asenizacyjne.pl\/index.php\/wp-json\/wp\/v2\/pages"}],"about":[{"href":"http:\/\/uslugi-asenizacyjne.pl\/index.php\/wp-json\/wp\/v2\/types\/page"}],"author":[{"embeddable":true,"href":"http:\/\/uslugi-asenizacyjne.pl\/index.php\/wp-json\/wp\/v2\/users\/1"}],"replies":[{"embeddable":true,"href":"http:\/\/uslugi-asenizacyjne.pl\/index.php\/wp-json\/wp\/v2\/comments?post=1255"}],"version-history":[{"count":35,"href":"http:\/\/uslugi-asenizacyjne.pl\/index.php\/wp-json\/wp\/v2\/pages\/1255\/revisions"}],"predecessor-version":[{"id":2436,"href":"http:\/\/uslugi-asenizacyjne.pl\/index.php\/wp-json\/wp\/v2\/pages\/1255\/revisions\/2436"}],"wp:attachment":[{"href":"http:\/\/uslugi-asenizacyjne.pl\/index.php\/wp-json\/wp\/v2\/media?parent=1255"}],"curies":[{"name":"wp","href":"https:\/\/api.w.org\/{rel}","templated":true}]}}