{"id":14,"date":"2023-10-04T11:17:01","date_gmt":"2023-10-04T09:17:01","guid":{"rendered":"http:\/\/uslugi-asenizacyjne.pl\/?page_id=14"},"modified":"2023-10-04T11:19:28","modified_gmt":"2023-10-04T09:19:28","slug":"cookie-policy","status":"publish","type":"page","link":"http:\/\/uslugi-asenizacyjne.pl\/index.php\/cookie-policy\/","title":{"rendered":"Cookie Policy"},"content":{"rendered":"\r\n<h1 class=\"entry-title\">Cookie Policy<\/h1>\r\n<ol>\r\n<li>Serwis nie zbiera w spos\u00f3b automatyczny \u017cadnych informacji, z wyj\u0105tkiem informacji zawartych w plikach cookies.<\/li>\r\n<li>Pliki cookies (tzw. \u201eciasteczka\u201d) stanowi\u0105 dane informatyczne, w szczeg\u00f3lno\u015bci pliki tekstowe, kt\u00f3re przechowywane s\u0105 w urz\u0105dzeniu ko\u0144cowym U\u017cytkownika Serwisu i przeznaczone s\u0105 do korzystania ze stron internetowych Serwisu. Cookies zazwyczaj zawieraj\u0105 nazw\u0119 strony internetowej, z kt\u00f3rej pochodz\u0105, czas przechowywania ich na urz\u0105dzeniu ko\u0144cowym oraz unikalny numer.<\/li>\r\n<li>Podmiotem zamieszczaj\u0105cym na urz\u0105dzeniu ko\u0144cowym U\u017cytkownika Serwisu pliki cookies oraz uzyskuj\u0105cym do nich dost\u0119p jest operator Serwisu uslugi-asenizacyjne.pl<\/li>\r\n<li>Pliki cookies wykorzystywane s\u0105 w celu:<\/li>\r\n<\/ol>\r\n<ol>\r\n<li>dostosowania zawarto\u015bci stron internetowych Serwisu do preferencji U\u017cytkownika oraz optymalizacji korzystania ze stron internetowych; w szczeg\u00f3lno\u015bci pliki te pozwalaj\u0105 rozpozna\u0107 urz\u0105dzenie U\u017cytkownika Serwisu i odpowiednio wy\u015bwietli\u0107 stron\u0119 internetow\u0105, dostosowan\u0105 do jego indywidualnych potrzeb;<\/li>\r\n<li>tworzenia statystyk, kt\u00f3re pomagaj\u0105 zrozumie\u0107, w jaki spos\u00f3b U\u017cytkownicy Serwisu korzystaj\u0105 ze stron internetowych, co umo\u017cliwia ulepszanie ich struktury i zawarto\u015bci;<\/li>\r\n<li>utrzymanie sesji U\u017cytkownika Serwisu (po zalogowaniu), dzi\u0119ki kt\u00f3rej U\u017cytkownik nie musi na ka\u017cdej podstronie Serwisu ponownie wpisywa\u0107 loginu i has\u0142a;<\/li>\r\n<\/ol>\r\n<ol>\r\n<li>W ramach Serwisu stosowane s\u0105 dwa zasadnicze rodzaje plik\u00f3w cookies: \u201esesyjne\u201d \u00a0(<em>session cookies<\/em>) oraz \u201esta\u0142e\u201d (<em>persistent cookies<\/em>). Cookies \u201esesyjne\u201d s\u0105 plikami tymczasowymi, kt\u00f3re przechowywane s\u0105 w urz\u0105dzeniu ko\u0144cowym U\u017cytkownika do czasu wylogowania, opuszczenia strony internetowej lub wy\u0142\u0105czenia oprogramowania (przegl\u0105darki internetowej). \u201eSta\u0142e\u201d pliki cookies przechowywane s\u0105 w urz\u0105dzeniu ko\u0144cowym U\u017cytkownika przez czas okre\u015blony w parametrach plik\u00f3w cookies lub do czasu ich usuni\u0119cia przez U\u017cytkownika.<\/li>\r\n<li>W ramach Serwisu stosowane s\u0105 nast\u0119puj\u0105ce rodzaje plik\u00f3w cookies:<\/li>\r\n<\/ol>\r\n<ol>\r\n<li>\u201eniezb\u0119dne\u201d pliki cookies, umo\u017cliwiaj\u0105ce korzystanie z us\u0142ug dost\u0119pnych w ramach Serwisu, np. uwierzytelniaj\u0105ce pliki cookies wykorzystywane do us\u0142ug wymagaj\u0105cych uwierzytelniania w ramach Serwisu;<\/li>\r\n<li>pliki cookies s\u0142u\u017c\u0105ce do zapewnienia bezpiecze\u0144stwa, np. wykorzystywane do wykrywania nadu\u017cy\u0107 w zakresie uwierzytelniania w ramach Serwisu;<\/li>\r\n<li>\u201ewydajno\u015bciowe\u201d pliki cookies, umo\u017cliwiaj\u0105ce zbieranie informacji o sposobie korzystania ze stron internetowych Serwisu;<\/li>\r\n<li>\u201efunkcjonalne\u201d pliki cookies, umo\u017cliwiaj\u0105ce \u201ezapami\u0119tanie\u201d wybranych przez U\u017cytkownika ustawie\u0144 i personalizacj\u0119 interfejsu U\u017cytkownika, np. w zakresie wybranego j\u0119zyka lub regionu, z kt\u00f3rego pochodzi U\u017cytkownik, rozmiaru czcionki, wygl\u0105du strony internetowej itp.;<\/li>\r\n<li>\u201ereklamowe\u201d pliki cookies, umo\u017cliwiaj\u0105ce dostarczanie U\u017cytkownikom tre\u015bci reklamowych bardziej dostosowanych do ich zainteresowa\u0144.<\/li>\r\n<\/ol>\r\n<ol>\r\n<li>W wielu przypadkach oprogramowanie s\u0142u\u017c\u0105ce do przegl\u0105dania stron internetowych (przegl\u0105darka internetowa) domy\u015blnie dopuszcza przechowywanie plik\u00f3w cookies w urz\u0105dzeniu ko\u0144cowym U\u017cytkownika. U\u017cytkownicy Serwisu mog\u0105 dokona\u0107 w ka\u017cdym czasie zmiany ustawie\u0144 dotycz\u0105cych plik\u00f3w cookies. Ustawienia te mog\u0105 zosta\u0107 zmienione w szczeg\u00f3lno\u015bci w taki spos\u00f3b, aby blokowa\u0107 automatyczn\u0105 obs\u0142ug\u0119 plik\u00f3w cookies w ustawieniach przegl\u0105darki internetowej b\u0105d\u017a informowa\u0107 o ich ka\u017cdorazowym zamieszczeniu w urz\u0105dzeniu U\u017cytkownika Serwisu. Szczeg\u00f3\u0142owe informacje o mo\u017cliwo\u015bci i sposobach obs\u0142ugi plik\u00f3w cookies dost\u0119pne s\u0105 w ustawieniach oprogramowania (przegl\u0105darki internetowej).<\/li>\r\n<li>Operator Serwisu informuje, \u017ce ograniczenia stosowania plik\u00f3w cookies mog\u0105 wp\u0142yn\u0105\u0107 na niekt\u00f3re funkcjonalno\u015bci dost\u0119pne na stronach internetowych Serwisu.<\/li>\r\n<li>Pliki cookies zamieszczane w urz\u0105dzeniu ko\u0144cowym U\u017cytkownika Serwisu i wykorzystywane mog\u0105 by\u0107 r\u00f3wnie\u017c przez wsp\u00f3\u0142pracuj\u0105cych z operatorem Serwisu reklamodawc\u00f3w oraz partner\u00f3w<\/li>\r\n<\/ol>\r\n","protected":false},"excerpt":{"rendered":"<p>Cookie Policy Serwis nie zbiera w spos\u00f3b automatyczny \u017cadnych informacji, z wyj\u0105tkiem informacji zawartych w plikach cookies. Pliki cookies (tzw. \u201eciasteczka\u201d) stanowi\u0105 dane informatyczne, w szczeg\u00f3lno\u015bci pliki tekstowe, kt\u00f3re przechowywane s\u0105 w urz\u0105dzeniu ko\u0144cowym U\u017cytkownika Serwisu i przeznaczone s\u0105 do korzystania ze stron internetowych Serwisu. Cookies zazwyczaj<\/p>\n","protected":false},"author":1,"featured_media":0,"parent":0,"menu_order":0,"comment_status":"closed","ping_status":"closed","template":"","meta":{"footnotes":""},"class_list":["post-14","page","type-page","status-publish","hentry"],"yoast_head":"<!-- This site is optimized with the Yoast SEO plugin v21.3 - https:\/\/yoast.com\/wordpress\/plugins\/seo\/ -->\n<title>Cookie Policy - Wyw\u00f3z nieczysto\u015bci \u2013 firma asenizacyjna Dar-Len, Brzezia \u0141\u0105ka<\/title>\n<meta name=\"robots\" content=\"index, follow, max-snippet:-1, max-image-preview:large, max-video-preview:-1\" \/>\n<link rel=\"canonical\" href=\"http:\/\/uslugi-asenizacyjne.pl\/index.php\/cookie-policy\/\" \/>\n<meta property=\"og:locale\" content=\"pl_PL\" \/>\n<meta property=\"og:type\" content=\"article\" \/>\n<meta property=\"og:title\" content=\"Cookie Policy - Wyw\u00f3z nieczysto\u015bci \u2013 firma asenizacyjna Dar-Len, Brzezia \u0141\u0105ka\" \/>\n<meta property=\"og:description\" content=\"Cookie Policy Serwis nie zbiera w spos\u00f3b automatyczny \u017cadnych informacji, z wyj\u0105tkiem informacji zawartych w plikach cookies. Pliki cookies (tzw. \u201eciasteczka\u201d) stanowi\u0105 dane informatyczne, w szczeg\u00f3lno\u015bci pliki tekstowe, kt\u00f3re przechowywane s\u0105 w urz\u0105dzeniu ko\u0144cowym U\u017cytkownika Serwisu i przeznaczone s\u0105 do korzystania ze stron internetowych Serwisu. Cookies zazwyczaj\" \/>\n<meta property=\"og:url\" content=\"http:\/\/uslugi-asenizacyjne.pl\/index.php\/cookie-policy\/\" \/>\n<meta property=\"og:site_name\" content=\"Wyw\u00f3z nieczysto\u015bci \u2013 firma asenizacyjna Dar-Len, Brzezia \u0141\u0105ka\" \/>\n<meta property=\"article:publisher\" content=\"https:\/\/www.facebook.com\/profile.php?id=100063558891856\" \/>\n<meta property=\"article:modified_time\" content=\"2023-10-04T09:19:28+00:00\" \/>\n<meta name=\"twitter:card\" content=\"summary_large_image\" \/>\n<meta name=\"twitter:label1\" content=\"Szacowany czas czytania\" \/>\n\t<meta name=\"twitter:data1\" content=\"3 minuty\" \/>\n<script type=\"application\/ld+json\" class=\"yoast-schema-graph\">{\"@context\":\"https:\/\/schema.org\",\"@graph\":[{\"@type\":\"WebPage\",\"@id\":\"http:\/\/uslugi-asenizacyjne.pl\/index.php\/cookie-policy\/\",\"url\":\"http:\/\/uslugi-asenizacyjne.pl\/index.php\/cookie-policy\/\",\"name\":\"Cookie Policy - Wyw\u00f3z nieczysto\u015bci \u2013 firma asenizacyjna Dar-Len, Brzezia \u0141\u0105ka\",\"isPartOf\":{\"@id\":\"http:\/\/uslugi-asenizacyjne.pl\/#website\"},\"datePublished\":\"2023-10-04T09:17:01+00:00\",\"dateModified\":\"2023-10-04T09:19:28+00:00\",\"breadcrumb\":{\"@id\":\"http:\/\/uslugi-asenizacyjne.pl\/index.php\/cookie-policy\/#breadcrumb\"},\"inLanguage\":\"pl-PL\",\"potentialAction\":[{\"@type\":\"ReadAction\",\"target\":[\"http:\/\/uslugi-asenizacyjne.pl\/index.php\/cookie-policy\/\"]}]},{\"@type\":\"BreadcrumbList\",\"@id\":\"http:\/\/uslugi-asenizacyjne.pl\/index.php\/cookie-policy\/#breadcrumb\",\"itemListElement\":[{\"@type\":\"ListItem\",\"position\":1,\"name\":\"Strona g\u0142\u00f3wna\",\"item\":\"http:\/\/uslugi-asenizacyjne.pl\/\"},{\"@type\":\"ListItem\",\"position\":2,\"name\":\"Cookie Policy\"}]},{\"@type\":\"WebSite\",\"@id\":\"http:\/\/uslugi-asenizacyjne.pl\/#website\",\"url\":\"http:\/\/uslugi-asenizacyjne.pl\/\",\"name\":\"Wyw\u00f3z nieczysto\u015bci \u2013 firma asenizacyjna Dar-Len, Brzezia \u0141\u0105ka\",\"description\":\"Jako firma asenizacyjna zajmujemy si\u0119 szybkim i fachowym wywozem nieczysto\u015bci. Dzia\u0142amy na terenie gminy Ole\u015bnica, D\u0142ugo\u0142\u0119ka, Dobroszyce oraz Zabonia.\",\"publisher\":{\"@id\":\"http:\/\/uslugi-asenizacyjne.pl\/#organization\"},\"potentialAction\":[{\"@type\":\"SearchAction\",\"target\":{\"@type\":\"EntryPoint\",\"urlTemplate\":\"http:\/\/uslugi-asenizacyjne.pl\/?s={search_term_string}\"},\"query-input\":\"required name=search_term_string\"}],\"inLanguage\":\"pl-PL\"},{\"@type\":\"Organization\",\"@id\":\"http:\/\/uslugi-asenizacyjne.pl\/#organization\",\"name\":\"Wyw\u00f3z nieczysto\u015bci \u2013 firma asenizacyjna Dar-Len, Brzezia \u0141\u0105ka\",\"url\":\"http:\/\/uslugi-asenizacyjne.pl\/\",\"logo\":{\"@type\":\"ImageObject\",\"inLanguage\":\"pl-PL\",\"@id\":\"http:\/\/uslugi-asenizacyjne.pl\/#\/schema\/logo\/image\/\",\"url\":\"http:\/\/uslugi-asenizacyjne.pl\/wp-content\/uploads\/2023\/10\/logo-stopka.png\",\"contentUrl\":\"http:\/\/uslugi-asenizacyjne.pl\/wp-content\/uploads\/2023\/10\/logo-stopka.png\",\"width\":299,\"height\":73,\"caption\":\"Wyw\u00f3z nieczysto\u015bci \u2013 firma asenizacyjna Dar-Len, Brzezia \u0141\u0105ka\"},\"image\":{\"@id\":\"http:\/\/uslugi-asenizacyjne.pl\/#\/schema\/logo\/image\/\"},\"sameAs\":[\"https:\/\/www.facebook.com\/profile.php?id=100063558891856\"]}]}<\/script>\n<!-- \/ Yoast SEO plugin. -->","yoast_head_json":{"title":"Cookie Policy - Wyw\u00f3z nieczysto\u015bci \u2013 firma asenizacyjna Dar-Len, Brzezia \u0141\u0105ka","robots":{"index":"index","follow":"follow","max-snippet":"max-snippet:-1","max-image-preview":"max-image-preview:large","max-video-preview":"max-video-preview:-1"},"canonical":"http:\/\/uslugi-asenizacyjne.pl\/index.php\/cookie-policy\/","og_locale":"pl_PL","og_type":"article","og_title":"Cookie Policy - Wyw\u00f3z nieczysto\u015bci \u2013 firma asenizacyjna Dar-Len, Brzezia \u0141\u0105ka","og_description":"Cookie Policy Serwis nie zbiera w spos\u00f3b automatyczny \u017cadnych informacji, z wyj\u0105tkiem informacji zawartych w plikach cookies. Pliki cookies (tzw. \u201eciasteczka\u201d) stanowi\u0105 dane informatyczne, w szczeg\u00f3lno\u015bci pliki tekstowe, kt\u00f3re przechowywane s\u0105 w urz\u0105dzeniu ko\u0144cowym U\u017cytkownika Serwisu i przeznaczone s\u0105 do korzystania ze stron internetowych Serwisu. Cookies zazwyczaj","og_url":"http:\/\/uslugi-asenizacyjne.pl\/index.php\/cookie-policy\/","og_site_name":"Wyw\u00f3z nieczysto\u015bci \u2013 firma asenizacyjna Dar-Len, Brzezia \u0141\u0105ka","article_publisher":"https:\/\/www.facebook.com\/profile.php?id=100063558891856","article_modified_time":"2023-10-04T09:19:28+00:00","twitter_card":"summary_large_image","twitter_misc":{"Szacowany czas czytania":"3 minuty"},"schema":{"@context":"https:\/\/schema.org","@graph":[{"@type":"WebPage","@id":"http:\/\/uslugi-asenizacyjne.pl\/index.php\/cookie-policy\/","url":"http:\/\/uslugi-asenizacyjne.pl\/index.php\/cookie-policy\/","name":"Cookie Policy - Wyw\u00f3z nieczysto\u015bci \u2013 firma asenizacyjna Dar-Len, Brzezia \u0141\u0105ka","isPartOf":{"@id":"http:\/\/uslugi-asenizacyjne.pl\/#website"},"datePublished":"2023-10-04T09:17:01+00:00","dateModified":"2023-10-04T09:19:28+00:00","breadcrumb":{"@id":"http:\/\/uslugi-asenizacyjne.pl\/index.php\/cookie-policy\/#breadcrumb"},"inLanguage":"pl-PL","potentialAction":[{"@type":"ReadAction","target":["http:\/\/uslugi-asenizacyjne.pl\/index.php\/cookie-policy\/"]}]},{"@type":"BreadcrumbList","@id":"http:\/\/uslugi-asenizacyjne.pl\/index.php\/cookie-policy\/#breadcrumb","itemListElement":[{"@type":"ListItem","position":1,"name":"Strona g\u0142\u00f3wna","item":"http:\/\/uslugi-asenizacyjne.pl\/"},{"@type":"ListItem","position":2,"name":"Cookie Policy"}]},{"@type":"WebSite","@id":"http:\/\/uslugi-asenizacyjne.pl\/#website","url":"http:\/\/uslugi-asenizacyjne.pl\/","name":"Wyw\u00f3z nieczysto\u015bci \u2013 firma asenizacyjna Dar-Len, Brzezia \u0141\u0105ka","description":"Jako firma asenizacyjna zajmujemy si\u0119 szybkim i fachowym wywozem nieczysto\u015bci. Dzia\u0142amy na terenie gminy Ole\u015bnica, D\u0142ugo\u0142\u0119ka, Dobroszyce oraz Zabonia.","publisher":{"@id":"http:\/\/uslugi-asenizacyjne.pl\/#organization"},"potentialAction":[{"@type":"SearchAction","target":{"@type":"EntryPoint","urlTemplate":"http:\/\/uslugi-asenizacyjne.pl\/?s={search_term_string}"},"query-input":"required name=search_term_string"}],"inLanguage":"pl-PL"},{"@type":"Organization","@id":"http:\/\/uslugi-asenizacyjne.pl\/#organization","name":"Wyw\u00f3z nieczysto\u015bci \u2013 firma asenizacyjna Dar-Len, Brzezia \u0141\u0105ka","url":"http:\/\/uslugi-asenizacyjne.pl\/","logo":{"@type":"ImageObject","inLanguage":"pl-PL","@id":"http:\/\/uslugi-asenizacyjne.pl\/#\/schema\/logo\/image\/","url":"http:\/\/uslugi-asenizacyjne.pl\/wp-content\/uploads\/2023\/10\/logo-stopka.png","contentUrl":"http:\/\/uslugi-asenizacyjne.pl\/wp-content\/uploads\/2023\/10\/logo-stopka.png","width":299,"height":73,"caption":"Wyw\u00f3z nieczysto\u015bci \u2013 firma asenizacyjna Dar-Len, Brzezia \u0141\u0105ka"},"image":{"@id":"http:\/\/uslugi-asenizacyjne.pl\/#\/schema\/logo\/image\/"},"sameAs":["https:\/\/www.facebook.com\/profile.php?id=100063558891856"]}]}},"_links":{"self":[{"href":"http:\/\/uslugi-asenizacyjne.pl\/index.php\/wp-json\/wp\/v2\/pages\/14","targetHints":{"allow":["GET"]}}],"collection":[{"href":"http:\/\/uslugi-asenizacyjne.pl\/index.php\/wp-json\/wp\/v2\/pages"}],"about":[{"href":"http:\/\/uslugi-asenizacyjne.pl\/index.php\/wp-json\/wp\/v2\/types\/page"}],"author":[{"embeddable":true,"href":"http:\/\/uslugi-asenizacyjne.pl\/index.php\/wp-json\/wp\/v2\/users\/1"}],"replies":[{"embeddable":true,"href":"http:\/\/uslugi-asenizacyjne.pl\/index.php\/wp-json\/wp\/v2\/comments?post=14"}],"version-history":[{"count":2,"href":"http:\/\/uslugi-asenizacyjne.pl\/index.php\/wp-json\/wp\/v2\/pages\/14\/revisions"}],"predecessor-version":[{"id":2447,"href":"http:\/\/uslugi-asenizacyjne.pl\/index.php\/wp-json\/wp\/v2\/pages\/14\/revisions\/2447"}],"wp:attachment":[{"href":"http:\/\/uslugi-asenizacyjne.pl\/index.php\/wp-json\/wp\/v2\/media?parent=14"}],"curies":[{"name":"wp","href":"https:\/\/api.w.org\/{rel}","templated":true}]}}