{"id":2448,"date":"2023-10-04T11:22:44","date_gmt":"2023-10-04T09:22:44","guid":{"rendered":"http:\/\/uslugi-asenizacyjne.pl\/?page_id=2448"},"modified":"2023-10-04T11:32:43","modified_gmt":"2023-10-04T09:32:43","slug":"rodo","status":"publish","type":"page","link":"http:\/\/uslugi-asenizacyjne.pl\/index.php\/rodo\/","title":{"rendered":"Rodo"},"content":{"rendered":"\r\n<h1 class=\"entry-title\">Rodo<\/h1>\r\n<p><em>Administratorem Twoich danych jest Dar-Len Anna Panek z siedzib\u0105 w 55-093 Brzezia \u0141\u0105ka, ul. G\u0142\u00f3wna 2A, wpisanej do Centralnej Ewidencji i Informacji o Dzia\u0142alno\u015bci Gospodarczej, pod numerem NIP: 8961250050, REGON: 380028780. W sprawach zwi\u0105zanych z przetwarzaniem i ochron\u0105 danych osobowych wyznaczony zosta\u0142 punkt kontaktowy w postaci adresu e-mail: ankaduda@wp.pl\u00a0 Kontakt we wskazanych sprawach mo\u017cliwy jest tak\u017ce w postaci tradycyjnej korespondencji na adres administratora z dopiskiem: \u201eOchrona Danych Osobowych\u201d oraz osobi\u015bcie pod adresem Dar-Len Anna Panek z siedzib\u0105 w 55-093 Brzezia \u0141\u0105ka, ul. G\u0142\u00f3wna 2A.<\/em><\/p>\r\n<p><em>Podane przez Ciebie dane osobowe b\u0119d\u0105 przetwarzane w nast\u0119puj\u0105cych celach:<\/em><br \/><em>\u2013 wykonania umowy kupna-sprzeda\u017cy b\u0105d\u017a us\u0142ugi \u2013 przetwarzanie jest niezb\u0119dne do wykonania umowy, a\u017c do czasu zako\u0144czenia umowy,<\/em><br \/><em>\u2013 marketingu bezpo\u015bredniego \u2013 do czasu zako\u0144czenia umowy lub z\u0142o\u017cenia sprzeciwu,<\/em><br \/><em>\u2013 finansowo-ksi\u0119gowych \u2013 przetwarzanie jest niezb\u0119dne do wykonania przepis\u00f3w prawa podatkowego,<\/em><br \/><em>\u2013 obrony przed roszczeniami i dochodzenia roszcze\u0144 \u2013 do czasu wyga\u015bni\u0119cia okresu roszcze\u0144 zgodnie z przepisami Kodeksu Cywilnego,<\/em><br \/><em>\u2013 prowadzenia proces\u00f3w reklamacyjnych.<\/em><\/p>\r\n<p><em>Posiadasz prawo dost\u0119pu do tre\u015bci swoich danych oraz prawo ich sprostowania, usuni\u0119cia, ograniczenia przetwarzania, prawo do przenoszenia danych, prawo wniesienia sprzeciwu (np. je\u015bli dane s\u0105 przetwarzane na podstawie Twojej zgody lub w celach marketingowych czy udost\u0119pniania Twoich danych); posiadasz prawo do cofni\u0119cia zgody w dowolnym momencie. W celu cofni\u0119cia zgody mo\u017cesz skontaktowa\u0107 si\u0119 z punktem obs\u0142ugi klienta w naszej siedzibie b\u0105d\u017a biurze ul. G\u0142\u00f3wna 2A, 55-093 Brzezia \u0141\u0105ka lub wysy\u0142aj\u0105c wiadomo\u015b\u0107 e-mail na adres: ankaduda@wp.pl. Masz r\u00f3wnie\u017c prawo wniesienia skargi do organu nadzorczego \u2013 Prezesa Urz\u0119du Ochrony Danych Osobowych.<\/em><\/p>\r\n","protected":false},"excerpt":{"rendered":"<p>Rodo Administratorem Twoich danych jest Dar-Len Anna Panek z siedzib\u0105 w 55-093 Brzezia \u0141\u0105ka, ul. G\u0142\u00f3wna 2A, wpisanej do Centralnej Ewidencji i Informacji o Dzia\u0142alno\u015bci Gospodarczej, pod numerem NIP: 8961250050, REGON: 380028780. W sprawach zwi\u0105zanych z przetwarzaniem i ochron\u0105 danych osobowych wyznaczony zosta\u0142 punkt kontaktowy w postaci<\/p>\n","protected":false},"author":1,"featured_media":0,"parent":0,"menu_order":0,"comment_status":"closed","ping_status":"closed","template":"","meta":{"footnotes":""},"class_list":["post-2448","page","type-page","status-publish","hentry"],"yoast_head":"<!-- This site is optimized with the Yoast SEO plugin v21.3 - https:\/\/yoast.com\/wordpress\/plugins\/seo\/ -->\n<title>Rodo - Wyw\u00f3z nieczysto\u015bci \u2013 firma asenizacyjna Dar-Len, Brzezia \u0141\u0105ka<\/title>\n<meta name=\"robots\" content=\"index, follow, max-snippet:-1, max-image-preview:large, max-video-preview:-1\" \/>\n<link rel=\"canonical\" href=\"https:\/\/uslugi-asenizacyjne.pl\/index.php\/rodo\/\" \/>\n<meta property=\"og:locale\" content=\"pl_PL\" \/>\n<meta property=\"og:type\" content=\"article\" \/>\n<meta property=\"og:title\" content=\"Rodo - Wyw\u00f3z nieczysto\u015bci \u2013 firma asenizacyjna Dar-Len, Brzezia \u0141\u0105ka\" \/>\n<meta property=\"og:description\" content=\"Rodo Administratorem Twoich danych jest Dar-Len Anna Panek z siedzib\u0105 w 55-093 Brzezia \u0141\u0105ka, ul. G\u0142\u00f3wna 2A, wpisanej do Centralnej Ewidencji i Informacji o Dzia\u0142alno\u015bci Gospodarczej, pod numerem NIP: 8961250050, REGON: 380028780. W sprawach zwi\u0105zanych z przetwarzaniem i ochron\u0105 danych osobowych wyznaczony zosta\u0142 punkt kontaktowy w postaci\" \/>\n<meta property=\"og:url\" content=\"https:\/\/uslugi-asenizacyjne.pl\/index.php\/rodo\/\" \/>\n<meta property=\"og:site_name\" content=\"Wyw\u00f3z nieczysto\u015bci \u2013 firma asenizacyjna Dar-Len, Brzezia \u0141\u0105ka\" \/>\n<meta property=\"article:publisher\" content=\"https:\/\/www.facebook.com\/profile.php?id=100063558891856\" \/>\n<meta property=\"article:modified_time\" content=\"2023-10-04T09:32:43+00:00\" \/>\n<meta name=\"twitter:card\" content=\"summary_large_image\" \/>\n<meta name=\"twitter:label1\" content=\"Szacowany czas czytania\" \/>\n\t<meta name=\"twitter:data1\" content=\"1 minuta\" \/>\n<script type=\"application\/ld+json\" class=\"yoast-schema-graph\">{\"@context\":\"https:\/\/schema.org\",\"@graph\":[{\"@type\":\"WebPage\",\"@id\":\"https:\/\/uslugi-asenizacyjne.pl\/index.php\/rodo\/\",\"url\":\"https:\/\/uslugi-asenizacyjne.pl\/index.php\/rodo\/\",\"name\":\"Rodo - Wyw\u00f3z nieczysto\u015bci \u2013 firma asenizacyjna Dar-Len, Brzezia \u0141\u0105ka\",\"isPartOf\":{\"@id\":\"http:\/\/uslugi-asenizacyjne.pl\/#website\"},\"datePublished\":\"2023-10-04T09:22:44+00:00\",\"dateModified\":\"2023-10-04T09:32:43+00:00\",\"breadcrumb\":{\"@id\":\"https:\/\/uslugi-asenizacyjne.pl\/index.php\/rodo\/#breadcrumb\"},\"inLanguage\":\"pl-PL\",\"potentialAction\":[{\"@type\":\"ReadAction\",\"target\":[\"https:\/\/uslugi-asenizacyjne.pl\/index.php\/rodo\/\"]}]},{\"@type\":\"BreadcrumbList\",\"@id\":\"https:\/\/uslugi-asenizacyjne.pl\/index.php\/rodo\/#breadcrumb\",\"itemListElement\":[{\"@type\":\"ListItem\",\"position\":1,\"name\":\"Strona g\u0142\u00f3wna\",\"item\":\"http:\/\/uslugi-asenizacyjne.pl\/\"},{\"@type\":\"ListItem\",\"position\":2,\"name\":\"Rodo\"}]},{\"@type\":\"WebSite\",\"@id\":\"http:\/\/uslugi-asenizacyjne.pl\/#website\",\"url\":\"http:\/\/uslugi-asenizacyjne.pl\/\",\"name\":\"Wyw\u00f3z nieczysto\u015bci \u2013 firma asenizacyjna Dar-Len, Brzezia \u0141\u0105ka\",\"description\":\"Jako firma asenizacyjna zajmujemy si\u0119 szybkim i fachowym wywozem nieczysto\u015bci. Dzia\u0142amy na terenie gminy Ole\u015bnica, D\u0142ugo\u0142\u0119ka, Dobroszyce oraz Zabonia.\",\"publisher\":{\"@id\":\"http:\/\/uslugi-asenizacyjne.pl\/#organization\"},\"potentialAction\":[{\"@type\":\"SearchAction\",\"target\":{\"@type\":\"EntryPoint\",\"urlTemplate\":\"http:\/\/uslugi-asenizacyjne.pl\/?s={search_term_string}\"},\"query-input\":\"required name=search_term_string\"}],\"inLanguage\":\"pl-PL\"},{\"@type\":\"Organization\",\"@id\":\"http:\/\/uslugi-asenizacyjne.pl\/#organization\",\"name\":\"Wyw\u00f3z nieczysto\u015bci \u2013 firma asenizacyjna Dar-Len, Brzezia \u0141\u0105ka\",\"url\":\"http:\/\/uslugi-asenizacyjne.pl\/\",\"logo\":{\"@type\":\"ImageObject\",\"inLanguage\":\"pl-PL\",\"@id\":\"http:\/\/uslugi-asenizacyjne.pl\/#\/schema\/logo\/image\/\",\"url\":\"http:\/\/uslugi-asenizacyjne.pl\/wp-content\/uploads\/2023\/10\/logo-stopka.png\",\"contentUrl\":\"http:\/\/uslugi-asenizacyjne.pl\/wp-content\/uploads\/2023\/10\/logo-stopka.png\",\"width\":299,\"height\":73,\"caption\":\"Wyw\u00f3z nieczysto\u015bci \u2013 firma asenizacyjna Dar-Len, Brzezia \u0141\u0105ka\"},\"image\":{\"@id\":\"http:\/\/uslugi-asenizacyjne.pl\/#\/schema\/logo\/image\/\"},\"sameAs\":[\"https:\/\/www.facebook.com\/profile.php?id=100063558891856\"]}]}<\/script>\n<!-- \/ Yoast SEO plugin. -->","yoast_head_json":{"title":"Rodo - Wyw\u00f3z nieczysto\u015bci \u2013 firma asenizacyjna Dar-Len, Brzezia \u0141\u0105ka","robots":{"index":"index","follow":"follow","max-snippet":"max-snippet:-1","max-image-preview":"max-image-preview:large","max-video-preview":"max-video-preview:-1"},"canonical":"https:\/\/uslugi-asenizacyjne.pl\/index.php\/rodo\/","og_locale":"pl_PL","og_type":"article","og_title":"Rodo - Wyw\u00f3z nieczysto\u015bci \u2013 firma asenizacyjna Dar-Len, Brzezia \u0141\u0105ka","og_description":"Rodo Administratorem Twoich danych jest Dar-Len Anna Panek z siedzib\u0105 w 55-093 Brzezia \u0141\u0105ka, ul. G\u0142\u00f3wna 2A, wpisanej do Centralnej Ewidencji i Informacji o Dzia\u0142alno\u015bci Gospodarczej, pod numerem NIP: 8961250050, REGON: 380028780. W sprawach zwi\u0105zanych z przetwarzaniem i ochron\u0105 danych osobowych wyznaczony zosta\u0142 punkt kontaktowy w postaci","og_url":"https:\/\/uslugi-asenizacyjne.pl\/index.php\/rodo\/","og_site_name":"Wyw\u00f3z nieczysto\u015bci \u2013 firma asenizacyjna Dar-Len, Brzezia \u0141\u0105ka","article_publisher":"https:\/\/www.facebook.com\/profile.php?id=100063558891856","article_modified_time":"2023-10-04T09:32:43+00:00","twitter_card":"summary_large_image","twitter_misc":{"Szacowany czas czytania":"1 minuta"},"schema":{"@context":"https:\/\/schema.org","@graph":[{"@type":"WebPage","@id":"https:\/\/uslugi-asenizacyjne.pl\/index.php\/rodo\/","url":"https:\/\/uslugi-asenizacyjne.pl\/index.php\/rodo\/","name":"Rodo - Wyw\u00f3z nieczysto\u015bci \u2013 firma asenizacyjna Dar-Len, Brzezia \u0141\u0105ka","isPartOf":{"@id":"http:\/\/uslugi-asenizacyjne.pl\/#website"},"datePublished":"2023-10-04T09:22:44+00:00","dateModified":"2023-10-04T09:32:43+00:00","breadcrumb":{"@id":"https:\/\/uslugi-asenizacyjne.pl\/index.php\/rodo\/#breadcrumb"},"inLanguage":"pl-PL","potentialAction":[{"@type":"ReadAction","target":["https:\/\/uslugi-asenizacyjne.pl\/index.php\/rodo\/"]}]},{"@type":"BreadcrumbList","@id":"https:\/\/uslugi-asenizacyjne.pl\/index.php\/rodo\/#breadcrumb","itemListElement":[{"@type":"ListItem","position":1,"name":"Strona g\u0142\u00f3wna","item":"http:\/\/uslugi-asenizacyjne.pl\/"},{"@type":"ListItem","position":2,"name":"Rodo"}]},{"@type":"WebSite","@id":"http:\/\/uslugi-asenizacyjne.pl\/#website","url":"http:\/\/uslugi-asenizacyjne.pl\/","name":"Wyw\u00f3z nieczysto\u015bci \u2013 firma asenizacyjna Dar-Len, Brzezia \u0141\u0105ka","description":"Jako firma asenizacyjna zajmujemy si\u0119 szybkim i fachowym wywozem nieczysto\u015bci. Dzia\u0142amy na terenie gminy Ole\u015bnica, D\u0142ugo\u0142\u0119ka, Dobroszyce oraz Zabonia.","publisher":{"@id":"http:\/\/uslugi-asenizacyjne.pl\/#organization"},"potentialAction":[{"@type":"SearchAction","target":{"@type":"EntryPoint","urlTemplate":"http:\/\/uslugi-asenizacyjne.pl\/?s={search_term_string}"},"query-input":"required name=search_term_string"}],"inLanguage":"pl-PL"},{"@type":"Organization","@id":"http:\/\/uslugi-asenizacyjne.pl\/#organization","name":"Wyw\u00f3z nieczysto\u015bci \u2013 firma asenizacyjna Dar-Len, Brzezia \u0141\u0105ka","url":"http:\/\/uslugi-asenizacyjne.pl\/","logo":{"@type":"ImageObject","inLanguage":"pl-PL","@id":"http:\/\/uslugi-asenizacyjne.pl\/#\/schema\/logo\/image\/","url":"http:\/\/uslugi-asenizacyjne.pl\/wp-content\/uploads\/2023\/10\/logo-stopka.png","contentUrl":"http:\/\/uslugi-asenizacyjne.pl\/wp-content\/uploads\/2023\/10\/logo-stopka.png","width":299,"height":73,"caption":"Wyw\u00f3z nieczysto\u015bci \u2013 firma asenizacyjna Dar-Len, Brzezia \u0141\u0105ka"},"image":{"@id":"http:\/\/uslugi-asenizacyjne.pl\/#\/schema\/logo\/image\/"},"sameAs":["https:\/\/www.facebook.com\/profile.php?id=100063558891856"]}]}},"_links":{"self":[{"href":"http:\/\/uslugi-asenizacyjne.pl\/index.php\/wp-json\/wp\/v2\/pages\/2448","targetHints":{"allow":["GET"]}}],"collection":[{"href":"http:\/\/uslugi-asenizacyjne.pl\/index.php\/wp-json\/wp\/v2\/pages"}],"about":[{"href":"http:\/\/uslugi-asenizacyjne.pl\/index.php\/wp-json\/wp\/v2\/types\/page"}],"author":[{"embeddable":true,"href":"http:\/\/uslugi-asenizacyjne.pl\/index.php\/wp-json\/wp\/v2\/users\/1"}],"replies":[{"embeddable":true,"href":"http:\/\/uslugi-asenizacyjne.pl\/index.php\/wp-json\/wp\/v2\/comments?post=2448"}],"version-history":[{"count":4,"href":"http:\/\/uslugi-asenizacyjne.pl\/index.php\/wp-json\/wp\/v2\/pages\/2448\/revisions"}],"predecessor-version":[{"id":2463,"href":"http:\/\/uslugi-asenizacyjne.pl\/index.php\/wp-json\/wp\/v2\/pages\/2448\/revisions\/2463"}],"wp:attachment":[{"href":"http:\/\/uslugi-asenizacyjne.pl\/index.php\/wp-json\/wp\/v2\/media?parent=2448"}],"curies":[{"name":"wp","href":"https:\/\/api.w.org\/{rel}","templated":true}]}}