{"id":2453,"date":"2023-10-04T11:24:28","date_gmt":"2023-10-04T09:24:28","guid":{"rendered":"http:\/\/uslugi-asenizacyjne.pl\/?page_id=2453"},"modified":"2023-10-04T11:27:43","modified_gmt":"2023-10-04T09:27:43","slug":"cennik","status":"publish","type":"page","link":"http:\/\/uslugi-asenizacyjne.pl\/index.php\/cennik\/","title":{"rendered":"Cennik"},"content":{"rendered":"\t\t<div data-elementor-type=\"wp-page\" data-elementor-id=\"2453\" class=\"elementor elementor-2453\">\n\t\t\t\t\t\t\t\t\t<section class=\"elementor-section elementor-top-section elementor-element elementor-element-42d95ff4 elementor-section-stretched elementor-section-boxed elementor-section-height-default elementor-section-height-default\" data-id=\"42d95ff4\" data-element_type=\"section\" data-settings=\"{&quot;stretch_section&quot;:&quot;section-stretched&quot;,&quot;background_background&quot;:&quot;classic&quot;}\">\n\t\t\t\t\t\t<div class=\"elementor-container elementor-column-gap-default\">\n\t\t\t\t\t<div class=\"elementor-column elementor-col-100 elementor-top-column elementor-element elementor-element-6cc00ff7\" data-id=\"6cc00ff7\" data-element_type=\"column\">\n\t\t\t<div class=\"elementor-widget-wrap elementor-element-populated\">\n\t\t\t\t\t\t\t\t<div class=\"elementor-element elementor-element-263833b0 elementor-widget elementor-widget-spacer\" data-id=\"263833b0\" data-element_type=\"widget\" data-widget_type=\"spacer.default\">\n\t\t\t\t<div class=\"elementor-widget-container\">\n\t\t\t<style>\/*! elementor - v3.16.0 - 20-09-2023 *\/\n.elementor-column .elementor-spacer-inner{height:var(--spacer-size)}.e-con{--container-widget-width:100%}.e-con-inner>.elementor-widget-spacer,.e-con>.elementor-widget-spacer{width:var(--container-widget-width,var(--spacer-size));--align-self:var(--container-widget-align-self,initial);--flex-shrink:0}.e-con-inner>.elementor-widget-spacer>.elementor-widget-container,.e-con>.elementor-widget-spacer>.elementor-widget-container{height:100%;width:100%}.e-con-inner>.elementor-widget-spacer>.elementor-widget-container>.elementor-spacer,.e-con>.elementor-widget-spacer>.elementor-widget-container>.elementor-spacer{height:100%}.e-con-inner>.elementor-widget-spacer>.elementor-widget-container>.elementor-spacer>.elementor-spacer-inner,.e-con>.elementor-widget-spacer>.elementor-widget-container>.elementor-spacer>.elementor-spacer-inner{height:var(--container-widget-height,var(--spacer-size))}.e-con-inner>.elementor-widget-spacer.elementor-widget-empty,.e-con>.elementor-widget-spacer.elementor-widget-empty{position:relative;min-height:22px;min-width:22px}.e-con-inner>.elementor-widget-spacer.elementor-widget-empty .elementor-widget-empty-icon,.e-con>.elementor-widget-spacer.elementor-widget-empty .elementor-widget-empty-icon{position:absolute;top:0;bottom:0;left:0;right:0;margin:auto;padding:0;width:22px;height:22px}<\/style>\t\t<div class=\"elementor-spacer\">\n\t\t\t<div class=\"elementor-spacer-inner\"><\/div>\n\t\t<\/div>\n\t\t\t\t<\/div>\n\t\t\t\t<\/div>\n\t\t\t\t<div class=\"elementor-element elementor-element-3fcac094 align-center elementor-widget elementor-widget-mae-headings\" data-id=\"3fcac094\" data-element_type=\"widget\" data-widget_type=\"mae-headings.default\">\n\t\t\t\t<div class=\"elementor-widget-container\">\n\t\t\t\t\t<div class=\"master-heading\">\n\t        \n\t        \t        <h2 class=\"main-heading\">Cennik<\/h2>\n\t        \n\t        \n\t        \t            <div class=\"sub-heading\">Jeste\u015bmy firm\u0105 Dar-Len Anna Panek, zajmuj\u0105c\u0105 si\u0119 us\u0142ugami asenizacyjnymi na terenie Brzezi \u0141\u0105ki i okolic. Nasz adres to ul. G\u0142\u00f3wna 2A, 55-093 Brzezia \u0141\u0105ka. Zapraszamy do skorzystania z naszej oferty, kt\u00f3ra obejmuje wyw\u00f3z nieczysto\u015bci z szamb i oczyszczalni przydomowych. Nasze ceny s\u0105 konkurencyjne i zale\u017c\u0105 od wielko\u015bci zbiornika oraz ilo\u015bci odpad\u00f3w. Oferujemy tak\u017ce atrakcyjne rabaty dla sta\u0142ych i nowych Klient\u00f3w. Zapewniamy szybk\u0105 i profesjonaln\u0105 obs\u0142ug\u0119, dbaj\u0105c o \u015brodowisko i bezpiecze\u0144stwo.<\/div>\n\t        \t    <\/div>\n\t    \t\t<\/div>\n\t\t\t\t<\/div>\n\t\t\t\t<div class=\"elementor-element elementor-element-5b8680d7 elementor-widget elementor-widget-spacer\" data-id=\"5b8680d7\" data-element_type=\"widget\" data-widget_type=\"spacer.default\">\n\t\t\t\t<div class=\"elementor-widget-container\">\n\t\t\t\t\t<div class=\"elementor-spacer\">\n\t\t\t<div class=\"elementor-spacer-inner\"><\/div>\n\t\t<\/div>\n\t\t\t\t<\/div>\n\t\t\t\t<\/div>\n\t\t\t\t<div class=\"elementor-element elementor-element-998ad3e elementor-widget elementor-widget-spacer\" data-id=\"998ad3e\" data-element_type=\"widget\" data-widget_type=\"spacer.default\">\n\t\t\t\t<div class=\"elementor-widget-container\">\n\t\t\t\t\t<div class=\"elementor-spacer\">\n\t\t\t<div class=\"elementor-spacer-inner\"><\/div>\n\t\t<\/div>\n\t\t\t\t<\/div>\n\t\t\t\t<\/div>\n\t\t\t\t\t<\/div>\n\t\t<\/div>\n\t\t\t\t\t\t\t<\/div>\n\t\t<\/section>\n\t\t\t\t\t\t\t<\/div>\n\t\t","protected":false},"excerpt":{"rendered":"<p>Cennik Jeste\u015bmy firm\u0105 Dar-Len Anna Panek, zajmuj\u0105c\u0105 si\u0119 us\u0142ugami asenizacyjnymi na terenie Brzezi \u0141\u0105ki i okolic. Nasz adres to ul. G\u0142\u00f3wna 2A, 55-093 Brzezia \u0141\u0105ka. Zapraszamy do skorzystania z naszej oferty, kt\u00f3ra obejmuje wyw\u00f3z nieczysto\u015bci z szamb i oczyszczalni przydomowych. Nasze ceny s\u0105 konkurencyjne i zale\u017c\u0105 od<\/p>\n","protected":false},"author":1,"featured_media":0,"parent":0,"menu_order":0,"comment_status":"closed","ping_status":"closed","template":"","meta":{"footnotes":""},"class_list":["post-2453","page","type-page","status-publish","hentry"],"yoast_head":"<!-- This site is optimized with the Yoast SEO plugin v21.3 - https:\/\/yoast.com\/wordpress\/plugins\/seo\/ -->\n<title>Cennik - Wyw\u00f3z nieczysto\u015bci \u2013 firma asenizacyjna Dar-Len, Brzezia \u0141\u0105ka<\/title>\n<meta name=\"robots\" content=\"index, follow, max-snippet:-1, max-image-preview:large, max-video-preview:-1\" \/>\n<link rel=\"canonical\" href=\"https:\/\/uslugi-asenizacyjne.pl\/index.php\/cennik\/\" \/>\n<meta property=\"og:locale\" content=\"pl_PL\" \/>\n<meta property=\"og:type\" content=\"article\" \/>\n<meta property=\"og:title\" content=\"Cennik - Wyw\u00f3z nieczysto\u015bci \u2013 firma asenizacyjna Dar-Len, Brzezia \u0141\u0105ka\" \/>\n<meta property=\"og:description\" content=\"Cennik Jeste\u015bmy firm\u0105 Dar-Len Anna Panek, zajmuj\u0105c\u0105 si\u0119 us\u0142ugami asenizacyjnymi na terenie Brzezi \u0141\u0105ki i okolic. Nasz adres to ul. G\u0142\u00f3wna 2A, 55-093 Brzezia \u0141\u0105ka. Zapraszamy do skorzystania z naszej oferty, kt\u00f3ra obejmuje wyw\u00f3z nieczysto\u015bci z szamb i oczyszczalni przydomowych. Nasze ceny s\u0105 konkurencyjne i zale\u017c\u0105 od\" \/>\n<meta property=\"og:url\" content=\"https:\/\/uslugi-asenizacyjne.pl\/index.php\/cennik\/\" \/>\n<meta property=\"og:site_name\" content=\"Wyw\u00f3z nieczysto\u015bci \u2013 firma asenizacyjna Dar-Len, Brzezia \u0141\u0105ka\" \/>\n<meta property=\"article:publisher\" content=\"https:\/\/www.facebook.com\/profile.php?id=100063558891856\" \/>\n<meta property=\"article:modified_time\" content=\"2023-10-04T09:27:43+00:00\" \/>\n<meta name=\"twitter:card\" content=\"summary_large_image\" \/>\n<script type=\"application\/ld+json\" class=\"yoast-schema-graph\">{\"@context\":\"https:\/\/schema.org\",\"@graph\":[{\"@type\":\"WebPage\",\"@id\":\"https:\/\/uslugi-asenizacyjne.pl\/index.php\/cennik\/\",\"url\":\"https:\/\/uslugi-asenizacyjne.pl\/index.php\/cennik\/\",\"name\":\"Cennik - Wyw\u00f3z nieczysto\u015bci \u2013 firma asenizacyjna Dar-Len, Brzezia \u0141\u0105ka\",\"isPartOf\":{\"@id\":\"http:\/\/uslugi-asenizacyjne.pl\/#website\"},\"datePublished\":\"2023-10-04T09:24:28+00:00\",\"dateModified\":\"2023-10-04T09:27:43+00:00\",\"breadcrumb\":{\"@id\":\"https:\/\/uslugi-asenizacyjne.pl\/index.php\/cennik\/#breadcrumb\"},\"inLanguage\":\"pl-PL\",\"potentialAction\":[{\"@type\":\"ReadAction\",\"target\":[\"https:\/\/uslugi-asenizacyjne.pl\/index.php\/cennik\/\"]}]},{\"@type\":\"BreadcrumbList\",\"@id\":\"https:\/\/uslugi-asenizacyjne.pl\/index.php\/cennik\/#breadcrumb\",\"itemListElement\":[{\"@type\":\"ListItem\",\"position\":1,\"name\":\"Strona g\u0142\u00f3wna\",\"item\":\"http:\/\/uslugi-asenizacyjne.pl\/\"},{\"@type\":\"ListItem\",\"position\":2,\"name\":\"Cennik\"}]},{\"@type\":\"WebSite\",\"@id\":\"http:\/\/uslugi-asenizacyjne.pl\/#website\",\"url\":\"http:\/\/uslugi-asenizacyjne.pl\/\",\"name\":\"Wyw\u00f3z nieczysto\u015bci \u2013 firma asenizacyjna Dar-Len, Brzezia \u0141\u0105ka\",\"description\":\"Jako firma asenizacyjna zajmujemy si\u0119 szybkim i fachowym wywozem nieczysto\u015bci. Dzia\u0142amy na terenie gminy Ole\u015bnica, D\u0142ugo\u0142\u0119ka, Dobroszyce oraz Zabonia.\",\"publisher\":{\"@id\":\"http:\/\/uslugi-asenizacyjne.pl\/#organization\"},\"potentialAction\":[{\"@type\":\"SearchAction\",\"target\":{\"@type\":\"EntryPoint\",\"urlTemplate\":\"http:\/\/uslugi-asenizacyjne.pl\/?s={search_term_string}\"},\"query-input\":\"required name=search_term_string\"}],\"inLanguage\":\"pl-PL\"},{\"@type\":\"Organization\",\"@id\":\"http:\/\/uslugi-asenizacyjne.pl\/#organization\",\"name\":\"Wyw\u00f3z nieczysto\u015bci \u2013 firma asenizacyjna Dar-Len, Brzezia \u0141\u0105ka\",\"url\":\"http:\/\/uslugi-asenizacyjne.pl\/\",\"logo\":{\"@type\":\"ImageObject\",\"inLanguage\":\"pl-PL\",\"@id\":\"http:\/\/uslugi-asenizacyjne.pl\/#\/schema\/logo\/image\/\",\"url\":\"http:\/\/uslugi-asenizacyjne.pl\/wp-content\/uploads\/2023\/10\/logo-stopka.png\",\"contentUrl\":\"http:\/\/uslugi-asenizacyjne.pl\/wp-content\/uploads\/2023\/10\/logo-stopka.png\",\"width\":299,\"height\":73,\"caption\":\"Wyw\u00f3z nieczysto\u015bci \u2013 firma asenizacyjna Dar-Len, Brzezia \u0141\u0105ka\"},\"image\":{\"@id\":\"http:\/\/uslugi-asenizacyjne.pl\/#\/schema\/logo\/image\/\"},\"sameAs\":[\"https:\/\/www.facebook.com\/profile.php?id=100063558891856\"]}]}<\/script>\n<!-- \/ Yoast SEO plugin. -->","yoast_head_json":{"title":"Cennik - Wyw\u00f3z nieczysto\u015bci \u2013 firma asenizacyjna Dar-Len, Brzezia \u0141\u0105ka","robots":{"index":"index","follow":"follow","max-snippet":"max-snippet:-1","max-image-preview":"max-image-preview:large","max-video-preview":"max-video-preview:-1"},"canonical":"https:\/\/uslugi-asenizacyjne.pl\/index.php\/cennik\/","og_locale":"pl_PL","og_type":"article","og_title":"Cennik - Wyw\u00f3z nieczysto\u015bci \u2013 firma asenizacyjna Dar-Len, Brzezia \u0141\u0105ka","og_description":"Cennik Jeste\u015bmy firm\u0105 Dar-Len Anna Panek, zajmuj\u0105c\u0105 si\u0119 us\u0142ugami asenizacyjnymi na terenie Brzezi \u0141\u0105ki i okolic. Nasz adres to ul. G\u0142\u00f3wna 2A, 55-093 Brzezia \u0141\u0105ka. Zapraszamy do skorzystania z naszej oferty, kt\u00f3ra obejmuje wyw\u00f3z nieczysto\u015bci z szamb i oczyszczalni przydomowych. Nasze ceny s\u0105 konkurencyjne i zale\u017c\u0105 od","og_url":"https:\/\/uslugi-asenizacyjne.pl\/index.php\/cennik\/","og_site_name":"Wyw\u00f3z nieczysto\u015bci \u2013 firma asenizacyjna Dar-Len, Brzezia \u0141\u0105ka","article_publisher":"https:\/\/www.facebook.com\/profile.php?id=100063558891856","article_modified_time":"2023-10-04T09:27:43+00:00","twitter_card":"summary_large_image","schema":{"@context":"https:\/\/schema.org","@graph":[{"@type":"WebPage","@id":"https:\/\/uslugi-asenizacyjne.pl\/index.php\/cennik\/","url":"https:\/\/uslugi-asenizacyjne.pl\/index.php\/cennik\/","name":"Cennik - Wyw\u00f3z nieczysto\u015bci \u2013 firma asenizacyjna Dar-Len, Brzezia \u0141\u0105ka","isPartOf":{"@id":"http:\/\/uslugi-asenizacyjne.pl\/#website"},"datePublished":"2023-10-04T09:24:28+00:00","dateModified":"2023-10-04T09:27:43+00:00","breadcrumb":{"@id":"https:\/\/uslugi-asenizacyjne.pl\/index.php\/cennik\/#breadcrumb"},"inLanguage":"pl-PL","potentialAction":[{"@type":"ReadAction","target":["https:\/\/uslugi-asenizacyjne.pl\/index.php\/cennik\/"]}]},{"@type":"BreadcrumbList","@id":"https:\/\/uslugi-asenizacyjne.pl\/index.php\/cennik\/#breadcrumb","itemListElement":[{"@type":"ListItem","position":1,"name":"Strona g\u0142\u00f3wna","item":"http:\/\/uslugi-asenizacyjne.pl\/"},{"@type":"ListItem","position":2,"name":"Cennik"}]},{"@type":"WebSite","@id":"http:\/\/uslugi-asenizacyjne.pl\/#website","url":"http:\/\/uslugi-asenizacyjne.pl\/","name":"Wyw\u00f3z nieczysto\u015bci \u2013 firma asenizacyjna Dar-Len, Brzezia \u0141\u0105ka","description":"Jako firma asenizacyjna zajmujemy si\u0119 szybkim i fachowym wywozem nieczysto\u015bci. Dzia\u0142amy na terenie gminy Ole\u015bnica, D\u0142ugo\u0142\u0119ka, Dobroszyce oraz Zabonia.","publisher":{"@id":"http:\/\/uslugi-asenizacyjne.pl\/#organization"},"potentialAction":[{"@type":"SearchAction","target":{"@type":"EntryPoint","urlTemplate":"http:\/\/uslugi-asenizacyjne.pl\/?s={search_term_string}"},"query-input":"required name=search_term_string"}],"inLanguage":"pl-PL"},{"@type":"Organization","@id":"http:\/\/uslugi-asenizacyjne.pl\/#organization","name":"Wyw\u00f3z nieczysto\u015bci \u2013 firma asenizacyjna Dar-Len, Brzezia \u0141\u0105ka","url":"http:\/\/uslugi-asenizacyjne.pl\/","logo":{"@type":"ImageObject","inLanguage":"pl-PL","@id":"http:\/\/uslugi-asenizacyjne.pl\/#\/schema\/logo\/image\/","url":"http:\/\/uslugi-asenizacyjne.pl\/wp-content\/uploads\/2023\/10\/logo-stopka.png","contentUrl":"http:\/\/uslugi-asenizacyjne.pl\/wp-content\/uploads\/2023\/10\/logo-stopka.png","width":299,"height":73,"caption":"Wyw\u00f3z nieczysto\u015bci \u2013 firma asenizacyjna Dar-Len, Brzezia \u0141\u0105ka"},"image":{"@id":"http:\/\/uslugi-asenizacyjne.pl\/#\/schema\/logo\/image\/"},"sameAs":["https:\/\/www.facebook.com\/profile.php?id=100063558891856"]}]}},"_links":{"self":[{"href":"http:\/\/uslugi-asenizacyjne.pl\/index.php\/wp-json\/wp\/v2\/pages\/2453","targetHints":{"allow":["GET"]}}],"collection":[{"href":"http:\/\/uslugi-asenizacyjne.pl\/index.php\/wp-json\/wp\/v2\/pages"}],"about":[{"href":"http:\/\/uslugi-asenizacyjne.pl\/index.php\/wp-json\/wp\/v2\/types\/page"}],"author":[{"embeddable":true,"href":"http:\/\/uslugi-asenizacyjne.pl\/index.php\/wp-json\/wp\/v2\/users\/1"}],"replies":[{"embeddable":true,"href":"http:\/\/uslugi-asenizacyjne.pl\/index.php\/wp-json\/wp\/v2\/comments?post=2453"}],"version-history":[{"count":4,"href":"http:\/\/uslugi-asenizacyjne.pl\/index.php\/wp-json\/wp\/v2\/pages\/2453\/revisions"}],"predecessor-version":[{"id":2458,"href":"http:\/\/uslugi-asenizacyjne.pl\/index.php\/wp-json\/wp\/v2\/pages\/2453\/revisions\/2458"}],"wp:attachment":[{"href":"http:\/\/uslugi-asenizacyjne.pl\/index.php\/wp-json\/wp\/v2\/media?parent=2453"}],"curies":[{"name":"wp","href":"https:\/\/api.w.org\/{rel}","templated":true}]}}